{"id":1170,"date":"2022-09-09T00:31:20","date_gmt":"2022-09-08T22:31:20","guid":{"rendered":"https:\/\/virtualskills.unidu.hr\/culture-ways-of-working-management\/"},"modified":"2023-02-09T23:41:13","modified_gmt":"2023-02-09T21:41:13","slug":"kulturen-und-arbeitsweisen","status":"publish","type":"page","link":"https:\/\/virtualskills.unidu.hr\/de\/kulturen-und-arbeitsweisen\/","title":{"rendered":"Culture, ways of working &#038; management"},"content":{"rendered":"<div class=\"wpb-content-wrapper\"><p>[vc_row css_animation=&#8220;&#8220; row_type=&#8220;row&#8220; use_row_as_full_screen_section=&#8220;yes&#8220; type=&#8220;full_width&#8220; angled_section=&#8220;no&#8220; text_align=&#8220;left&#8220; background_image_as_pattern=&#8220;without_pattern&#8220; z_index=&#8220;&#8220; background_image=&#8220;366&#8243;][vc_column][vc_column_text]<\/p>\n<h1><span style=\"color: #ffffff;\">Kulturen und Arbeitsweisen<\/span><\/h1>\n<p>[\/vc_column_text][\/vc_column][\/vc_row][vc_row css_animation=&#8220;&#8220; row_type=&#8220;row&#8220; use_row_as_full_screen_section=&#8220;no&#8220; type=&#8220;full_width&#8220; angled_section=&#8220;no&#8220; text_align=&#8220;left&#8220; background_image_as_pattern=&#8220;without_pattern&#8220;][vc_column]<div class=\"qode-accordion-holder clearfix qode-accordion qode-initial \">\n\t<h5 class=\"clearfix qode-title-holder\">\n<span class=\"qode-tab-title\">\n\t\t\t<span class=\"qode-tab-title-icon\">\n\t\t\t<span aria-hidden=\"true\" class=\"qode_icon_font_elegant arrow_left-right \" ><\/span>\t\t<\/span>\n\t    <span class=\"qode-tab-title-inner\">\n        Einrichtung und Onboarding    <\/span>\n<\/span>\n<span class=\"qode-accordion-mark\">\n    <span class=\"qode-accordion-mark-icon\">\n        <span class=\"icon_plus\"><\/span>\n        <span class=\"icon_minus-06\"><\/span>\n    <\/span>\n<\/span>\n<\/h5>\n<div  class=\"qode-accordion-content qode-acc-title-with-icon\" >\n    <div class=\"qode-accordion-content-inner\">\n        [vc_empty_space height=&#8220;23px&#8220;][vc_column_text]<img loading=\"lazy\" decoding=\"async\" class=\" wp-image-677 alignleft\" src=\"https:\/\/virtualskills.unidu.hr\/wp-content\/uploads\/2022\/12\/image003-1.png\" alt=\"\" width=\"104\" height=\"104\" \/><\/p>\n<p>Die Studierenden lernen die Kulturen und Arbeitsweisen in virtuellen multikulturellen Organisationen kennen. Unterschiedliche Arbeitskulturen wirken sich auf die Netz-Anstandsregel und Unternehmensnormen aus. Es ist schwieriger, ein Gleichgewicht zwischen geplanten Meetings und spontaner Dynamik zu finden.<\/p>\n<p>Die Studierenden lernen etwas \u00fcber <strong>Mitarbeiterf\u00fchrung<\/strong> in einer virtuellen Umgebung. In einer virtuellen Umgebung besteht die Gefahr des Mikromanagements, und der Schwerpunkt sollte auf F\u00fchrung statt auf Management liegen. Das Management im virtuellen Raum erfordert oft mehr Zeit und Unterst\u00fctzung f\u00fcr die Mitarbeiter, sowohl emotional als auch in Bezug auf ihre Rollen, um gemeinsame Ziele zu erreichen. Es ist wichtig, sicherzustellen, dass alle Teammitglieder durch ein klares Onboarding eingebunden werden. Die Dozierenden k\u00f6nnen aus der nachstehenden Tabelle die Ziele ausw\u00e4hlen, die im Loop behandelt werden sollen.<\/p>\n<p>&nbsp;<\/p>\n<p><strong><img loading=\"lazy\" decoding=\"async\" class=\"wp-image-678 alignleft\" src=\"https:\/\/virtualskills.unidu.hr\/wp-content\/uploads\/2022\/12\/image005-1.png\" alt=\"\" width=\"105\" height=\"105\" srcset=\"https:\/\/virtualskills.unidu.hr\/wp-content\/uploads\/2022\/12\/image005-1.png 152w, https:\/\/virtualskills.unidu.hr\/wp-content\/uploads\/2022\/12\/image005-1-150x150.png 150w\" sizes=\"auto, (max-width: 105px) 100vw, 105px\" \/><\/strong><strong>Empfohlenes Sitzungsformat: <\/strong>Physisches Treffen bevorzugt<\/p>\n<p>&nbsp;<\/p>\n<p>&nbsp;<\/p>\n<p>&nbsp;<\/p>\n<p>&nbsp;<\/p>\n<p><strong><img loading=\"lazy\" decoding=\"async\" class=\" wp-image-679 alignleft\" src=\"https:\/\/virtualskills.unidu.hr\/wp-content\/uploads\/2022\/12\/image007-1.png\" alt=\"\" width=\"100\" height=\"100\" \/><\/strong><strong>Empfohlene Sitzungsdauer: <\/strong>4 Stunden und 15 Minuten mit einer Pause<\/p>\n<p>&nbsp;<\/p>\n<p>&nbsp;<\/p>\n<p>&nbsp;<\/p>\n<p>&nbsp;<\/p>\n<p><strong><img loading=\"lazy\" decoding=\"async\" class=\" wp-image-664 alignleft\" src=\"https:\/\/virtualskills.unidu.hr\/wp-content\/uploads\/2022\/12\/image029.png\" alt=\"\" width=\"101\" height=\"114\" \/><\/strong><\/p>\n<p><strong>Energiespender\/Eisbrecher (10 min)<\/strong><\/p>\n<p>Physikalische Trivialit\u00e4ten<\/p>\n<p>W\u00e4hrend des Energizers stellt die Lehrperson einfache Fragen wie &#8222;Haben Sie einen Hund?&#8220; oder &#8222;Beginnt Ihr Name mit dem Buchstaben A?&#8220;.<\/p>\n<p>Anstatt mit Worten zu antworten, m\u00fcssen die Lernenden k\u00f6rperliche Bewegungen machen. Ein Sprung kann f\u00fcr ein Ja stehen, ein Klatschen mit den H\u00e4nden f\u00fcr ein Nein.<\/p>\n<p>Physical Trivia ist ein einfacher Energiespender, der nur ein paar Minuten dauert, aber Ihre Teilnehmer sicher wieder konzentriert werden l\u00e4sst.[\/vc_column_text]    <\/div>\n<\/div><h5 class=\"clearfix qode-title-holder\">\n<span class=\"qode-tab-title\">\n\t\t\t<span class=\"qode-tab-title-icon\">\n\t\t\t<span aria-hidden=\"true\" class=\"qode_icon_font_elegant arrow_left-right \" ><\/span>\t\t<\/span>\n\t    <span class=\"qode-tab-title-inner\">\n        F\u00fchrung    <\/span>\n<\/span>\n<span class=\"qode-accordion-mark\">\n    <span class=\"qode-accordion-mark-icon\">\n        <span class=\"icon_plus\"><\/span>\n        <span class=\"icon_minus-06\"><\/span>\n    <\/span>\n<\/span>\n<\/h5>\n<div  class=\"qode-accordion-content qode-acc-title-with-icon\" >\n    <div class=\"qode-accordion-content-inner\">\n        [vc_empty_space height=&#8220;23px&#8220;][vc_column_text]<strong><img loading=\"lazy\" decoding=\"async\" class=\" wp-image-679 alignleft\" src=\"https:\/\/virtualskills.unidu.hr\/wp-content\/uploads\/2022\/12\/image007-1.png\" alt=\"\" width=\"101\" height=\"101\" \/><\/strong><strong>Empfohlene Abschnittsl\u00e4nge: <\/strong>1 Stunde und 20 Minuten<\/p>\n<p>&nbsp;<\/p>\n<p>&nbsp;<\/p>\n<p>&nbsp;<\/p>\n<p>&nbsp;<\/p>\n<p>&nbsp;<\/p>\n<p><strong><img loading=\"lazy\" decoding=\"async\" class=\" wp-image-667 alignleft\" src=\"https:\/\/virtualskills.unidu.hr\/wp-content\/uploads\/2022\/12\/image013-1.png\" alt=\"\" width=\"101\" height=\"101\" \/><\/strong><\/p>\n<p><strong>Laden Sie eine echte (vorzugsweise hochrangige) F\u00fchrungskraft als Gast in den Kurs ein.<\/strong><\/p>\n<p><strong>Wichtigste Erkenntnisse aus den Hausaufgaben (20 Min.): <\/strong>Analysieren Sie in einer gr\u00f6sseren Gruppe die wichtigsten Erkenntnisse aus den individuellen und gruppenbezogenen Hausaufgaben. Stellen Sie mit den Lernenden die wichtigsten Herausforderungen virtueller Organisationen dar.<\/p>\n<p>Bitten Sie die Leiterin\/den Leiter, eine kurze Pr\u00e4sentation \u00fcber ihre\/seine Organisation zu halten (15 Minuten). Bitten Sie ihn\/sie dann, \u00fcber die zuvor mit den Lernenden erarbeiteten Herausforderungen nachzudenken. Bitten Sie die F\u00fchrungskraft, dar\u00fcber nachzudenken, wie sie die Herausforderungen bew\u00e4ltigt hat.<\/p>\n<p>Themen, die behandelt werden sollten: Organisationskultur (wie flexibel sind wir, k\u00f6nnen wir von \u00fcberall und jederzeit arbeiten, wie berichten wir \u00fcber unseren Zeitplan, Aktivit\u00e4ten, Probleme usw.), wie planen wir Sitzungen, wie verf\u00fcgbar sind die F\u00fchrungskr\u00e4fte f\u00fcr Probleme\/Fragen, wie kommunizieren verschiedene Teams und Einheiten miteinander, welche Herausforderungen gibt es und wie werden sie gel\u00f6st, wie wird die Net-Etikette aufgebaut usw.<\/p>\n<p>Tipp: Wenn es nicht m\u00f6glich ist, diese Leiter einzuladen, kann die Lehrperson auch einige der Lernenden bitten, ihre Arbeitserfahrungen in hybriden\/entfernten Teams zu teilen.<\/p>\n<p>&nbsp;<\/p>\n<p>&nbsp;<\/p>\n<p><strong><img loading=\"lazy\" decoding=\"async\" class=\"wp-image-673 alignleft\" src=\"https:\/\/virtualskills.unidu.hr\/wp-content\/uploads\/2022\/12\/image029-1.png\" alt=\"\" width=\"97\" height=\"110\" \/>Pause (15 min)<\/strong><\/p>\n<p>&nbsp;<\/p>\n<p>&nbsp;<\/p>\n<p>&nbsp;<\/p>\n<p>&nbsp;<\/p>\n<p><strong><img loading=\"lazy\" decoding=\"async\" class=\" wp-image-667 alignleft\" src=\"https:\/\/virtualskills.unidu.hr\/wp-content\/uploads\/2022\/12\/image013-1.png\" alt=\"\" width=\"101\" height=\"101\" \/><\/strong><\/p>\n<p><strong>Kurze Theorie (5 Minuten): <\/strong>Was ist Netz-Anstandsregel \u00a0und digitales Wohlbefinden, und warum ist es wichtig?<\/p>\n<p><strong>Netz-Anstansregel (10 Minuten): <\/strong>Vor dem Unterricht zugewiesene Lekt\u00fcre. Diskutieren Sie wichtige Elemente der Netiquette. Wie kann man eine flexible Kooperations- und Kommunikationskultur innerhalb des Unternehmens schaffen und gleichzeitig das digitale Wohlbefinden der Mitarbeiter sicherstellen (in Bezug auf das Recht auf Abschaltung)? Wie k\u00f6nnen Sie als Teammitglied das digitale Wohlbefinden anderer sicherstellen?[\/vc_column_text][vc_column_text][\/vc_column_text][vc_empty_space height=&#8220;30px&#8220;]    <\/div>\n<\/div><h5 class=\"clearfix qode-title-holder\">\n<span class=\"qode-tab-title\">\n\t\t\t<span class=\"qode-tab-title-icon\">\n\t\t\t<span aria-hidden=\"true\" class=\"qode_icon_font_elegant arrow_left-right \" ><\/span>\t\t<\/span>\n\t    <span class=\"qode-tab-title-inner\">\n        Erfahrungsaustausch \u00fcber virtuelle Erfahrungen in der Teamarbeit    <\/span>\n<\/span>\n<span class=\"qode-accordion-mark\">\n    <span class=\"qode-accordion-mark-icon\">\n        <span class=\"icon_plus\"><\/span>\n        <span class=\"icon_minus-06\"><\/span>\n    <\/span>\n<\/span>\n<\/h5>\n<div  class=\"qode-accordion-content qode-acc-title-with-icon\" >\n    <div class=\"qode-accordion-content-inner\">\n        [vc_empty_space height=&#8220;23px&#8220;][vc_column_text]<strong><img loading=\"lazy\" decoding=\"async\" class=\" wp-image-679 alignleft\" src=\"https:\/\/virtualskills.unidu.hr\/wp-content\/uploads\/2022\/12\/image007-1.png\" alt=\"\" width=\"99\" height=\"99\" \/><\/strong><strong>Empfohlene Abschnittsl\u00e4nge: <\/strong>1 Stunde und 30 Minuten<\/p>\n<p>&nbsp;<\/p>\n<p>&nbsp;<\/p>\n<p>&nbsp;<\/p>\n<p>&nbsp;<\/p>\n<p>&nbsp;<\/p>\n<p><strong><img loading=\"lazy\" decoding=\"async\" class=\" wp-image-672 alignleft\" src=\"https:\/\/virtualskills.unidu.hr\/wp-content\/uploads\/2022\/12\/image025-1.png\" alt=\"\" width=\"101\" height=\"104\" \/><\/strong><\/p>\n<p><strong>10-15 Minuten<\/strong> (lesen Sie, was Sie in Ihr pers\u00f6nliches Tagebuch geschrieben haben und was Sie nach jeder Runde mitgenommen haben).<\/p>\n<p><strong>Erfahrungsaustausch (1h):<\/strong> Verwenden Sie dieselbe &#8222;Energizer&#8220;-Formel wie beim \u00dcbergang von Loop 1 zu Loop 2: Bitten Sie die Studierenden, einen negativen und zwei positive Aspekte ihrer Erfahrungen mit virtueller Teamarbeit im aktuellen Kurs zu nennen.<\/p>\n<p>Die Lehrperson moderiert die Diskussion, indem er entweder nach jeder Antwort tiefer in die Materie einsteigt oder nachdem alle ihre Ideen mitgeteilt haben. Die Lehrperson kann die Frage stellen, welche Rolle die Technologie\/virtuelle Umgebung\/kulturelle Unterschiede\/F\u00fchrung usw. bei der Vermittlung dieser Erfahrung gespielt haben. Die Idee ist, die Studierenden dazu zu bringen, sich zu fragen, wie Technologie und virtuelle Umgebungen Erfahrungen, Interaktionen, den Erwerb von Kompetenzen usw. ver\u00e4ndern k\u00f6nnen.<\/p>\n<p>Tipp: Wenn die Gruppe gross ist, kann die Lehrperson die Lernenden in kleinere (zuf\u00e4llige) Gruppen aufteilen, damit sie ihre Erfahrungen zun\u00e4chst untereinander austauschen und sich dann auf 1-2 Erkenntnisse einigen, die sie mit dem Rest der Gruppe teilen.<\/p>\n<p>&nbsp;<\/p>\n<p><strong><img loading=\"lazy\" decoding=\"async\" class=\" wp-image-675 alignleft\" src=\"https:\/\/virtualskills.unidu.hr\/wp-content\/uploads\/2022\/12\/image033-1.png\" alt=\"\" width=\"100\" height=\"100\" \/><\/strong><\/p>\n<p><strong>Lande\u00fcbung zum Abschluss des Loops (15 Min.)<\/strong><\/p>\n<p>Die Lehrperson kann die Lernenden bitten, sich 5 Minuten Zeit zu nehmen, um die wichtigsten Erkenntnisse aus dem Loop aufzuschreiben und 1-2 davon, die ihnen am wichtigsten sind, mit den anderen Lernenden zu teilen.[\/vc_column_text][vc_column_text][\/vc_column_text][vc_column_text][\/vc_column_text][vc_empty_space height=&#8220;23px&#8220;][vc_column_text][\/vc_column_text][vc_column_text][\/vc_column_text]    <\/div>\n<\/div><h5 class=\"clearfix qode-title-holder\">\n<span class=\"qode-tab-title\">\n\t\t\t<span class=\"qode-tab-title-icon\">\n\t\t\t<span aria-hidden=\"true\" class=\"qode_icon_font_elegant arrow_left-right \" ><\/span>\t\t<\/span>\n\t    <span class=\"qode-tab-title-inner\">\n        Hausaufgaben    <\/span>\n<\/span>\n<span class=\"qode-accordion-mark\">\n    <span class=\"qode-accordion-mark-icon\">\n        <span class=\"icon_plus\"><\/span>\n        <span class=\"icon_minus-06\"><\/span>\n    <\/span>\n<\/span>\n<\/h5>\n<div  class=\"qode-accordion-content qode-acc-title-with-icon\" >\n    <div class=\"qode-accordion-content-inner\">\n        [vc_empty_space height=&#8220;23px&#8220;][vc_column_text]<strong><img loading=\"lazy\" decoding=\"async\" class=\" wp-image-674 alignleft\" src=\"https:\/\/virtualskills.unidu.hr\/wp-content\/uploads\/2022\/12\/image031-1.png\" alt=\"\" width=\"107\" height=\"112\" \/><\/strong><\/p>\n<p>Abschliessende individuelle Aufgabenstellungen<\/p>\n<p><strong> a. Lerntagebuch<\/strong><\/p>\n<p><strong>Frage 1.<\/strong> Bewerten Sie auf einer Skala von 1 (schlecht) bis 5 (ausgezeichnet), wie Ihr Team in Bezug auf die &#8222;Entwicklung zu einem effektiven multinationalen virtuellen Team&#8220; eingestuft werden kann. Welches sind Ihrer Meinung nach die wichtigsten Faktoren, die Ihre Bewertung Ihres Teams bestimmen?<\/p>\n<p><strong>Frage 2.<\/strong> Nennen Sie die wichtigsten Erkenntnisse aus dem gesamten Kurs und bestimmen Sie, welche davon wertvoll sind und warum, und welche Sie in Zukunft weiter erforschen\/umsetzen m\u00f6chten.<\/p>\n<p><strong>Frage 3<\/strong>. Erstellen Sie eine Liste konkreter Aktivit\u00e4ten\/Aktionen f\u00fcr sich selbst, um das erworbene Wissen zu vertiefen und auch anzuwenden.<\/p>\n<p><strong>Frage 4.<\/strong> Was ist Ihrer Meinung nach die Rolle des digitalen Wohlbefindens innerhalb von Organisationen? Liegt es in der Verantwortung von Managern oder Einzelpersonen (oder von beiden), ein h\u00f6heres digitales Wohlbefinden zu f\u00f6rdern, und warum glauben Sie das?<\/p>\n<p><strong>Frage 5.<\/strong> Beschreiben Sie, wie Sie als Mitglieder eines virtuellen Teams in Zukunft handeln werden, wenn Sie in VT-s arbeiten. Was sind die wichtigsten Dinge, die Sie tun k\u00f6nnen, um die Produktivit\u00e4t und die Teamarbeit f\u00fcr alle zu verbessern?<\/p>\n<p><strong>Frage 6. Reflexion \u00fcber den Kurs<\/strong><\/p>\n<ol>\n<li>Was hat Ihnen am meisten an dem Kurs gefallen?<\/li>\n<li>Was w\u00fcrden Sie gerne an dem Kurs \u00e4ndern?<\/li>\n<\/ol>\n<p>&nbsp;<\/p>\n<p>&nbsp;<\/p>\n<p><img loading=\"lazy\" decoding=\"async\" class=\" wp-image-674 alignleft\" src=\"https:\/\/virtualskills.unidu.hr\/wp-content\/uploads\/2022\/12\/image031-1.png\" alt=\"\" width=\"101\" height=\"106\" \/><\/p>\n<p>Abschliessende individuelle Aufgabenstellungen<\/p>\n<p><strong> b. Praxistheorie zum Aufbau globaler virtueller Teams<\/strong><\/p>\n<p><strong>Schreiben Sie Ihre eigene Praxistheorie zum Thema &#8222;Organisieren, Managen und F\u00fchren von geografisch verteilten Teams mit multinationalen Teammitgliedern, die bei der L\u00f6sung von Beratungsf\u00e4llen \u00fcberwiegend in einem virtuellen Kontext arbeiten (GVT)&#8220;.<\/strong> Schreiben Sie Ihre Praxistheorie, als ob Sie ein Handbuch verfassen w\u00fcrden. \u00dcberlegen Sie, welches die wichtigsten Faktoren und Prozesse sind, die Sie einrichten m\u00fcssen, um ein effektives Team zu entwickeln. Ber\u00fccksichtigen Sie dabei Folgendes:<\/p>\n<ol>\n<li>Erstellen Sie zun\u00e4chst eine Liste der Faktoren und Prozesse, die Ihrer Meinung nach den gr\u00f6ssten Einfluss auf die Bildung und Entwicklung eines effektiven GVT haben.<\/li>\n<li>\u00dcberlegen Sie, wie ein Team in der Lage sein k\u00f6nnte, eine Kapazit\u00e4t zur L\u00f6sung verschiedener Probleme (Aufgaben) aufzubauen.<\/li>\n<li>\u00dcberlegen Sie, welche Rolle Beziehungen, F\u00fchrung, kulturelle Unterschiede usw. in GVTs spielen.<\/li>\n<li>\u00dcberlegen Sie, welche Rolle die Einf\u00fchrung von Prozessen und Routinen sowie die Festlegung verschiedener Rollen f\u00fcr die Mitglieder spielen.<\/li>\n<li>Denken Sie dar\u00fcber nach, wie man Konflikte in virtuellen Teams vermeiden und bew\u00e4ltigen kann.<\/li>\n<li>Lesen\/\u00fcberpr\u00fcfen Sie anschlie\u00dfend Ihre eigenen, in diesem Papier dokumentierten \u00dcberlegungen zu den drei F\u00e4llen. Beginnen Sie mit den \u00dcberlegungen zu Fall 1.<\/li>\n<\/ol>\n<p><strong>LIEFERBAR: Schreiben Sie eine pr\u00e4gnante Praxistheorie (oder ein Handbuch f\u00fcr Personen, die in einem \u00e4hnlichen Umfeld arbeiten), wie man effektive GVT einrichtet, managt und leitet. <\/strong>[\/vc_column_text][vc_column_text][\/vc_column_text][vc_empty_space height=&#8220;23px&#8220;][vc_column_text][\/vc_column_text]    <\/div>\n<\/div><\/div>[\/vc_column][\/vc_row]<\/p>\n<\/div>","protected":false},"excerpt":{"rendered":"<p>[vc_row css_animation=&#8220;&#8220; row_type=&#8220;row&#8220; use_row_as_full_screen_section=&#8220;yes&#8220; type=&#8220;full_width&#8220; angled_section=&#8220;no&#8220; text_align=&#8220;left&#8220; background_image_as_pattern=&#8220;without_pattern&#8220; z_index=&#8220;&#8220; background_image=&#8220;366&#8243;][vc_column][vc_column_text] Kulturen und Arbeitsweisen [\/vc_column_text][\/vc_column][\/vc_row][vc_row css_animation=&#8220;&#8220; row_type=&#8220;row&#8220; use_row_as_full_screen_section=&#8220;no&#8220; type=&#8220;full_width&#8220; angled_section=&#8220;no&#8220; text_align=&#8220;left&#8220; background_image_as_pattern=&#8220;without_pattern&#8220;][vc_column][\/vc_column][\/vc_row]<\/p>\n","protected":false},"author":1,"featured_media":0,"parent":0,"menu_order":0,"comment_status":"closed","ping_status":"closed","template":"","meta":{"footnotes":""},"class_list":["post-1170","page","type-page","status-publish","hentry"],"_links":{"self":[{"href":"https:\/\/virtualskills.unidu.hr\/de\/wp-json\/wp\/v2\/pages\/1170","targetHints":{"allow":["GET"]}}],"collection":[{"href":"https:\/\/virtualskills.unidu.hr\/de\/wp-json\/wp\/v2\/pages"}],"about":[{"href":"https:\/\/virtualskills.unidu.hr\/de\/wp-json\/wp\/v2\/types\/page"}],"author":[{"embeddable":true,"href":"https:\/\/virtualskills.unidu.hr\/de\/wp-json\/wp\/v2\/users\/1"}],"replies":[{"embeddable":true,"href":"https:\/\/virtualskills.unidu.hr\/de\/wp-json\/wp\/v2\/comments?post=1170"}],"version-history":[{"count":3,"href":"https:\/\/virtualskills.unidu.hr\/de\/wp-json\/wp\/v2\/pages\/1170\/revisions"}],"predecessor-version":[{"id":1173,"href":"https:\/\/virtualskills.unidu.hr\/de\/wp-json\/wp\/v2\/pages\/1170\/revisions\/1173"}],"wp:attachment":[{"href":"https:\/\/virtualskills.unidu.hr\/de\/wp-json\/wp\/v2\/media?parent=1170"}],"curies":[{"name":"wp","href":"https:\/\/api.w.org\/{rel}","templated":true}]}}