{"id":1179,"date":"2022-12-22T00:01:43","date_gmt":"2022-12-21T22:01:43","guid":{"rendered":"https:\/\/virtualskills.unidu.hr\/welcome-to-session-4\/"},"modified":"2023-02-10T00:02:08","modified_gmt":"2023-02-09T22:02:08","slug":"willkommen-zu-sitzung-4","status":"publish","type":"page","link":"https:\/\/virtualskills.unidu.hr\/de\/willkommen-zu-sitzung-4\/","title":{"rendered":"Willkommen zu Sitzung 4"},"content":{"rendered":"<div class=\"wpb-content-wrapper\"><p>[vc_row css_animation=&#8220;&#8220; row_type=&#8220;row&#8220; use_row_as_full_screen_section=&#8220;yes&#8220; type=&#8220;full_width&#8220; angled_section=&#8220;no&#8220; text_align=&#8220;left&#8220; background_image_as_pattern=&#8220;without_pattern&#8220; z_index=&#8220;&#8220; background_image=&#8220;366&#8243;][vc_column][vc_column_text]<\/p>\n<h1><span style=\"color: #ffffff;\">Willkommen zu Sitzung 4<\/span><\/h1>\n<p>[\/vc_column_text][\/vc_column][\/vc_row][vc_row css_animation=&#8220;&#8220; row_type=&#8220;row&#8220; use_row_as_full_screen_section=&#8220;no&#8220; type=&#8220;full_width&#8220; angled_section=&#8220;no&#8220; text_align=&#8220;left&#8220; background_image_as_pattern=&#8220;without_pattern&#8220;][vc_column]<div class=\"qode-accordion-holder clearfix qode-accordion qode-initial \">\n\t<h5 class=\"clearfix qode-title-holder\">\n<span class=\"qode-tab-title\">\n\t\t\t<span class=\"qode-tab-title-icon\">\n\t\t\t<span aria-hidden=\"true\" class=\"qode_icon_font_elegant arrow_left-right \" ><\/span>\t\t<\/span>\n\t    <span class=\"qode-tab-title-inner\">\n        Aufbau, Einarbeitung und Lernergebnisse     <\/span>\n<\/span>\n<span class=\"qode-accordion-mark\">\n    <span class=\"qode-accordion-mark-icon\">\n        <span class=\"icon_plus\"><\/span>\n        <span class=\"icon_minus-06\"><\/span>\n    <\/span>\n<\/span>\n<\/h5>\n<div  class=\"qode-accordion-content qode-acc-title-with-icon\" >\n    <div class=\"qode-accordion-content-inner\">\n        [vc_empty_space height=&#8220;23px&#8220;][vc_column_text]<strong><img loading=\"lazy\" decoding=\"async\" class=\" wp-image-676 alignleft\" src=\"https:\/\/virtualskills.unidu.hr\/wp-content\/uploads\/2022\/12\/image001-1.png\" alt=\"\" width=\"99\" height=\"99\" \/>About the<\/strong><strong> loop4<\/strong><strong>: This session is about wrapping learnings and course experience and to contribute to further iterations of the course.\u00a0<\/strong><\/p>\n<p>Therefore we apply useful retrospective techniques on two main tasks: creation of a \u201cchecklist for practice\u201d (for future collaborators) and retrospection on the class from a facilitator\u2019s perspective: methods used, tools deployed aso. As conclusion learners can celebrate together their achievements and receive their diploma.<\/p>\n<p>&nbsp;<\/p>\n<p><strong><img loading=\"lazy\" decoding=\"async\" class=\"size-full wp-image-677 alignleft\" src=\"https:\/\/virtualskills.unidu.hr\/wp-content\/uploads\/2022\/12\/image003-1.png\" alt=\"\" width=\"102\" height=\"102\" \/><\/strong><strong>Lernergebnisse in Loop 4: <\/strong>Am Ende von Lerneinheit 4 wissen und erfahren die Leaner, wie sie retrospektive Techniken f\u00fcr Feedback, Verbesserung und Entwicklung sinnvoll einsetzen k\u00f6nnen. Jeder Teilnehmer tr\u00e4gt mindestens einmal zum Gruppenprozess bei und f\u00fchlt sich ermutigt und sicherer, Retrospektiven in Teamarbeitsprozessen anzuwenden. Die Lernenden wissen, wie sie das Gelernte in ihrem eigenen (gesch\u00e4ftlichen) Kontext anwenden k\u00f6nnen. Am Ende des Tages reflektieren die Lernenden in der Retrospektive \u00fcber den VIBES-Kurs.<\/p>\n<p>&nbsp;<\/p>\n<p><strong><img loading=\"lazy\" decoding=\"async\" class=\" wp-image-678 alignleft\" src=\"https:\/\/virtualskills.unidu.hr\/wp-content\/uploads\/2022\/12\/image005-1.png\" alt=\"\" width=\"100\" height=\"100\" srcset=\"https:\/\/virtualskills.unidu.hr\/wp-content\/uploads\/2022\/12\/image005-1.png 152w, https:\/\/virtualskills.unidu.hr\/wp-content\/uploads\/2022\/12\/image005-1-150x150.png 150w\" sizes=\"auto, (max-width: 100px) 100vw, 100px\" \/><\/strong><strong>Empfohlenes Sitzungsformat<\/strong>: Dies ist ein virtuelles Lernlabor. Es kann auch vor Ort eingesetzt werden, ohne dass der Unterricht und die Aufgaben ge\u00e4ndert werden m\u00fcssen. Wie in Loop 1 k\u00f6nnte dies ein letzter Kontakttag sein, um die Dinge abzuschlie\u00dfen und die Kurserfahrungen zu feiern.<\/p>\n<p>&nbsp;<\/p>\n<p>&nbsp;<\/p>\n<p>&nbsp;<\/p>\n<p><strong><img loading=\"lazy\" decoding=\"async\" class=\" wp-image-679 alignleft\" src=\"https:\/\/virtualskills.unidu.hr\/wp-content\/uploads\/2022\/12\/image007-1.png\" alt=\"\" width=\"101\" height=\"101\" \/><\/strong><\/p>\n<p><strong>Empfohlene Sitzungsdauer:<\/strong> 3 Stunden mit 2 ausgedehnten Pausen und Nebenaktivit\u00e4ten (siehe zus\u00e4tzliche Materialien)<\/p>\n<p><strong>Pausen: <\/strong>Jeder Kursleiter wird auf der Grundlage der Gruppendynamik entscheiden, wann es Zeit f\u00fcr eine Pause ist, aber wir empfehlen, mindestens zwei 10-min\u00fctige Pausen nach jeweils 60 Minuten Arbeit zu machen.<\/p>\n<p>&nbsp;<\/p>\n<p>&nbsp;<\/p>\n<p><img loading=\"lazy\" decoding=\"async\" class=\" wp-image-656 alignleft\" src=\"https:\/\/virtualskills.unidu.hr\/wp-content\/uploads\/2022\/12\/image009.png\" alt=\"\" width=\"88\" height=\"26\" \/>F\u00fcr detailliertere Richtlinien konsultieren Sie bitte auch unser Instruktorhandbuch, das HIER erh\u00e4ltlich ist.[\/vc_column_text]    <\/div>\n<\/div><h5 class=\"clearfix qode-title-holder\">\n<span class=\"qode-tab-title\">\n\t\t\t<span class=\"qode-tab-title-icon\">\n\t\t\t<span aria-hidden=\"true\" class=\"qode_icon_font_elegant arrow_left-right \" ><\/span>\t\t<\/span>\n\t    <span class=\"qode-tab-title-inner\">\n        R\u00fcckblickende Techniken    <\/span>\n<\/span>\n<span class=\"qode-accordion-mark\">\n    <span class=\"qode-accordion-mark-icon\">\n        <span class=\"icon_plus\"><\/span>\n        <span class=\"icon_minus-06\"><\/span>\n    <\/span>\n<\/span>\n<\/h5>\n<div  class=\"qode-accordion-content qode-acc-title-with-icon\" >\n    <div class=\"qode-accordion-content-inner\">\n        [vc_empty_space height=&#8220;23px&#8220;][vc_column_text]<strong><img loading=\"lazy\" decoding=\"async\" class=\" wp-image-679 alignleft\" src=\"https:\/\/virtualskills.unidu.hr\/wp-content\/uploads\/2022\/12\/image007-1.png\" alt=\"\" width=\"101\" height=\"101\" \/><\/strong><strong>Empfohlene Abschnittsl\u00e4nge: <\/strong>bis zu 60 Minuten<\/p>\n<p>&nbsp;<\/p>\n<p>&nbsp;<\/p>\n<p>&nbsp;<\/p>\n<p>&nbsp;<\/p>\n<p><strong><img loading=\"lazy\" decoding=\"async\" class=\" wp-image-666 alignleft\" src=\"https:\/\/virtualskills.unidu.hr\/wp-content\/uploads\/2022\/12\/image011-1.png\" alt=\"\" width=\"98\" height=\"98\" \/><\/strong><strong>Aufgabe vor der Klasse: <\/strong>F\u00fcr diesen Kurs m\u00fcssen die Studierenden eine Aufgabe vor dem Unterricht vorbereiten. Bitte konsultieren Sie die Aufgaben-Toolbox HIER<\/p>\n<p>&nbsp;<\/p>\n<p>&nbsp;<\/p>\n<p>&nbsp;<\/p>\n<p><strong><img loading=\"lazy\" decoding=\"async\" class=\" wp-image-658 alignleft\" src=\"https:\/\/virtualskills.unidu.hr\/wp-content\/uploads\/2022\/12\/image013.png\" alt=\"\" width=\"100\" height=\"100\" \/><\/strong><\/p>\n<p><strong>Einf\u00fchrung (max. 30&#8242;) <\/strong><\/p>\n<p>(10&#8242;) Zu Beginn sollte die Moderation den Rahmen abstecken und einen kurzen \u00dcberblick \u00fcber die Loops 1 bis 3 aus Sicht der Lehrkraft geben<\/p>\n<p>&nbsp;<\/p>\n<ul>\n<li>Verwendete Methoden und Werkzeuge (3&#8242;)<\/li>\n<li>Rekapitulation des gesamten Kurskonzepts (max. 7&#8242;)<\/li>\n<\/ul>\n<p>&nbsp;<\/p>\n<p>(15&#8242;) Geben Sie dann eine Begr\u00fcndung f\u00fcr die Arbeitsbelastung der Lernenden und die Aufgabenstellung,<\/p>\n<p>sowie ansprechen und w\u00fcrdigen<\/p>\n<ul>\n<li>Lerntageb\u00fccher<\/li>\n<li>Gruppenreflexion (kurz)<\/li>\n<li>Ergebnisse, W\u00fcrdigung und Vergabe des PechaKucha-Auftrags<\/li>\n<\/ul>\n<p>&nbsp;<\/p>\n<p><strong><img loading=\"lazy\" decoding=\"async\" class=\"size-full wp-image-671 alignleft\" src=\"https:\/\/virtualskills.unidu.hr\/wp-content\/uploads\/2022\/12\/image024-1.png\" alt=\"\" width=\"102\" height=\"102\" \/><\/strong><\/p>\n<p><strong>Eingangsbereich: R\u00fcckblickende Techniken (25&#8242;)<\/strong><\/p>\n<p><strong>Unterweisung<\/strong><\/p>\n<p>(10&#8242;) Mit der Lehrperson als Ausbilder lernt die Klasse die Eckpfeiler gebrauchsfertiger Retrospektivtechniken, die sie in Teams ausprobieren kann. Weitere Hinweise zum Thema finden Sie auf dem <a href=\"https:\/\/docs.google.com\/presentation\/d\/185dvUZ8sYhcauIqzY3T1jSRLlAWt7rDD\/edit?usp=share_link&amp;ouid=106558850171530421728&amp;rtpof=true&amp;sd=true\">Slidedeck<\/a> der Klasse.<\/p>\n<ul>\n<li>Einf\u00fchrungsvideo (<a href=\"https:\/\/youtu.be\/QHLC0mBAEUw\">YT<\/a>)<\/li>\n<li>Anleitung Retrospektive Technik &#8222;<a href=\"https:\/\/adaptmethodology.com\/sailboat-exercise-sailboat-retrospective\">Segelboot<\/a>&#8222;<\/li>\n<\/ul>\n<p><strong>Anwendung .<\/strong><\/p>\n<p>(15&#8242;) Erm\u00f6glichen Sie es den Lernenden, ihre eigenen Erfahrungen mitzuteilen (und lassen Sie sie in Kleingruppen auf die PechaKucha-Aufgabe zur\u00fcckblicken und Feedback dazu geben.<\/p>\n<p>&nbsp;<\/p>\n<p><img loading=\"lazy\" decoding=\"async\" class=\" wp-image-673 alignleft\" src=\"https:\/\/virtualskills.unidu.hr\/wp-content\/uploads\/2022\/12\/image029-1.png\" alt=\"\" width=\"100\" height=\"113\" \/><\/p>\n<p><strong>Pause 1: So, das war jetzt ganz sch\u00f6n viel Arbeit, machen wir mal 10&#8242; Pause und erfrischen uns ein wenig. <\/strong><\/p>\n<p><strong>\u00a0<\/strong><\/p>\n<p>&nbsp;<\/p>\n<p>&nbsp;<\/p>\n<p>&nbsp;<\/p>\n<p>&nbsp;<\/p>\n<p><strong><img loading=\"lazy\" decoding=\"async\" class=\" wp-image-670 alignleft\" src=\"https:\/\/virtualskills.unidu.hr\/wp-content\/uploads\/2022\/12\/image020-1.png\" alt=\"\" width=\"97\" height=\"68\" \/><\/strong><strong>Nach der Pause (5&#8242;): <\/strong>Bringen Sie die Klasse mit einem Energizer \/ einer Aktivit\u00e4t wieder zusammen (z. B. Bewegung, Quiz, &#8222;mein Ding&#8220;, &#8222;ber\u00fchre etwas Blaues&#8220; usw.)[\/vc_column_text][vc_column_text][\/vc_column_text][vc_empty_space height=&#8220;30px&#8220;]    <\/div>\n<\/div><h5 class=\"clearfix qode-title-holder\">\n<span class=\"qode-tab-title\">\n\t\t\t<span class=\"qode-tab-title-icon\">\n\t\t\t<span aria-hidden=\"true\" class=\"qode_icon_font_elegant arrow_left-right \" ><\/span>\t\t<\/span>\n\t    <span class=\"qode-tab-title-inner\">\n        Erstellen Sie eine Checkliste (f\u00fcr zuk\u00fcnftige virtuelle Mitarbeiter)    <\/span>\n<\/span>\n<span class=\"qode-accordion-mark\">\n    <span class=\"qode-accordion-mark-icon\">\n        <span class=\"icon_plus\"><\/span>\n        <span class=\"icon_minus-06\"><\/span>\n    <\/span>\n<\/span>\n<\/h5>\n<div  class=\"qode-accordion-content qode-acc-title-with-icon\" >\n    <div class=\"qode-accordion-content-inner\">\n        [vc_empty_space height=&#8220;23px&#8220;][vc_column_text]<strong><img loading=\"lazy\" decoding=\"async\" class=\" wp-image-679 alignleft\" src=\"https:\/\/virtualskills.unidu.hr\/wp-content\/uploads\/2022\/12\/image007-1.png\" alt=\"\" width=\"99\" height=\"99\" \/><\/strong><strong>Empfohlene Abschnittsl\u00e4nge: <\/strong>bis zu 1,5 Stunden<\/p>\n<p>&nbsp;<\/p>\n<p>&nbsp;<\/p>\n<p>&nbsp;<\/p>\n<p>&nbsp;<\/p>\n<p><strong><img loading=\"lazy\" decoding=\"async\" class=\" wp-image-658 alignleft\" src=\"https:\/\/virtualskills.unidu.hr\/wp-content\/uploads\/2022\/12\/image013.png\" alt=\"\" width=\"99\" height=\"99\" \/>\u00dcberblick \u00fcber die Tagesordnung (3 Minuten):<\/strong><\/p>\n<p>&nbsp;<\/p>\n<p>&nbsp;<\/p>\n<p>&nbsp;<\/p>\n<p>&nbsp;<\/p>\n<p>&nbsp;<\/p>\n<p><strong><img loading=\"lazy\" decoding=\"async\" class=\" wp-image-663 alignleft\" src=\"https:\/\/virtualskills.unidu.hr\/wp-content\/uploads\/2022\/12\/image025.png\" alt=\"\" width=\"101\" height=\"104\" \/><\/strong><\/p>\n<p><strong>Transfer 1 &#8211; R\u00fcckblick aus der Sicht eines Lernendens (30&#8242;)<\/strong><\/p>\n<p>Gruppenzuweisung (20-25&#8242;)<\/p>\n<p>Es handelt sich um die Aufgabe, in Gruppen (Breakout-Gruppen) zusammenzuarbeiten, um eine Checkliste zu erstellen und (zuk\u00fcnftige) virtuelle Mitarbeitenden zu beraten. Anwendung der Technik der Retrospektive (1)<\/p>\n<p>Aufgabe: Engagieren Sie sich, diskutieren Sie, stimmen Sie zu und bringen Sie es auf den Punkt. Einigen Sie sich auf drei Themen \/ Ratschl\u00e4ge. Fragen Sie sich selbst: &#8222;Was werden\/k\u00f6nnen Sie in der Praxis anwenden und wie?&#8220; Die Studierenden sollten so pr\u00e4zise wie m\u00f6glich sein und es in ihrem Gesch\u00e4ftskontext anwenden:<\/p>\n<p>&#8222;Susi m\u00f6chte PechaKucha in der Praxis anwenden (&#8230;) wie, bei wem, warum, wann, wo?<\/p>\n<p>Klassendialog (10&#8242;-15&#8242;) Kurze Zusammenfassung und Diskussion der Aufgabe (1) als Klassendialog: Pr\u00e4sentation eines Beispiels aus jeder Arbeitsgruppe (&#8222;best practice&#8220;), das in naher Zukunft angewendet werden soll, moderiert von der Moderation.<\/p>\n<p>&nbsp;<\/p>\n<p><strong><img loading=\"lazy\" decoding=\"async\" class=\" wp-image-675 alignleft\" src=\"https:\/\/virtualskills.unidu.hr\/wp-content\/uploads\/2022\/12\/image033-1.png\" alt=\"\" width=\"101\" height=\"101\" \/><\/strong><\/p>\n<p><strong>Zusammenfassung des Moderators zu Transfer 1 (3&#8242;): <\/strong><\/p>\n<p>Die Moderation gibt eine kurze Zusammenfassung und w\u00fcrdigt den Beitrag.<\/p>\n<p>&nbsp;<\/p>\n<p>&nbsp;<\/p>\n<p>&nbsp;<\/p>\n<p><img loading=\"lazy\" decoding=\"async\" class=\" wp-image-664 alignleft\" src=\"https:\/\/virtualskills.unidu.hr\/wp-content\/uploads\/2022\/12\/image029.png\" alt=\"\" width=\"99\" height=\"112\" \/><\/p>\n<p>(Die Moderation macht sich bereit, eine kurze Biopause \/ Energizer anzubieten.<\/p>\n<p>(+10\u2019)).<\/p>\n<p>&nbsp;<\/p>\n<p>&nbsp;<\/p>\n<p>&nbsp;<\/p>\n<p>&nbsp;<\/p>\n<p><strong>Transfer 2 (20-25&#8242;) Retrospektive aus der Sicht eines Ausbilders<\/strong><\/p>\n<p>&nbsp;<\/p>\n<p><strong><img loading=\"lazy\" decoding=\"async\" class=\" wp-image-663 alignleft\" src=\"https:\/\/virtualskills.unidu.hr\/wp-content\/uploads\/2022\/12\/image025.png\" alt=\"\" width=\"101\" height=\"104\" \/><\/strong><\/p>\n<p><strong>Anwendung<\/strong><\/p>\n<p>Dieser Transfer hat zwei Aspekte:<\/p>\n<p>2a: Chat-Umfrage: Welche Inhalte sollen beibehalten \/ weggelassen werden? (Mentimeter.com verwenden)<\/p>\n<p>2b: Gruppenzuweisung, wieder in Breakout-Gruppen organisiert: Gemeinsame Erstellung einer Tabelle (google docs). Einsatz der retrospektiven Technik (2)<\/p>\n<p>&#8211; Loops 1-3<\/p>\n<p>&#8211; Zuweisungen<\/p>\n<p>Hauptfrage, die zu kl\u00e4ren ist:<\/p>\n<p>Was \/ wie h\u00e4ttest du in der Masterclass anders gemacht?<\/p>\n<ul>\n<li>Inhalte<\/li>\n<li>Werkzeuge \/ Methoden<\/li>\n<li>Leiten<\/li>\n<li>&#8230;<\/li>\n<\/ul>\n<p>&nbsp;<\/p>\n<p>&nbsp;<\/p>\n<p><strong><img loading=\"lazy\" decoding=\"async\" class=\"wp-image-675 alignleft\" src=\"https:\/\/virtualskills.unidu.hr\/wp-content\/uploads\/2022\/12\/image033-1.png\" alt=\"\" width=\"99\" height=\"99\" \/><\/strong><\/p>\n<p><strong>Zusammenfassung des Moderators zu Transfer 2 (4&#8242;): <\/strong><\/p>\n<p>Reflexion, kurzes Feedback, W\u00fcrdigung von Leistung, Aufwand und Zeit.<\/p>\n<p>Die Moderation gibt eine kurze Zusammenfassung und w\u00fcrdigt den Beitrag.\u00a0 Ihre Inputs\/Erkenntnisse sind Gegenstand der Weiterentwicklung dieses Kurses (unser Auftrag: lebenslanges Lernen)<\/p>\n<p>\u00dcberleitung zu Akkordeon 4 (1&#8242;)[\/vc_column_text][vc_column_text][\/vc_column_text][vc_column_text][\/vc_column_text][vc_empty_space height=&#8220;23px&#8220;][vc_column_text][\/vc_column_text][vc_column_text][\/vc_column_text]    <\/div>\n<\/div><h5 class=\"clearfix qode-title-holder\">\n<span class=\"qode-tab-title\">\n\t\t\t<span class=\"qode-tab-title-icon\">\n\t\t\t<span aria-hidden=\"true\" class=\"qode_icon_font_elegant arrow_left-right \" ><\/span>\t\t<\/span>\n\t    <span class=\"qode-tab-title-inner\">\n        Landung und Kursnachbereitung    <\/span>\n<\/span>\n<span class=\"qode-accordion-mark\">\n    <span class=\"qode-accordion-mark-icon\">\n        <span class=\"icon_plus\"><\/span>\n        <span class=\"icon_minus-06\"><\/span>\n    <\/span>\n<\/span>\n<\/h5>\n<div  class=\"qode-accordion-content qode-acc-title-with-icon\" >\n    <div class=\"qode-accordion-content-inner\">\n        [vc_empty_space height=&#8220;23px&#8220;][vc_column_text]<strong><img loading=\"lazy\" decoding=\"async\" class=\" wp-image-679 alignleft\" src=\"https:\/\/virtualskills.unidu.hr\/wp-content\/uploads\/2022\/12\/image007-1.png\" alt=\"\" width=\"100\" height=\"100\" \/><\/strong><strong>Empfohlene Abschnittsl\u00e4nge: <\/strong>bis zu 20 Minuten<\/p>\n<p>&nbsp;<\/p>\n<p>&nbsp;<\/p>\n<p>&nbsp;<\/p>\n<p>&nbsp;<\/p>\n<p><strong><img loading=\"lazy\" decoding=\"async\" class=\" wp-image-675 alignleft\" src=\"https:\/\/virtualskills.unidu.hr\/wp-content\/uploads\/2022\/12\/image033-1.png\" alt=\"\" width=\"101\" height=\"101\" \/><\/strong><\/p>\n<p><strong>Landung des Kurses: (5 Min.)<\/strong><\/p>\n<p>Blitzumfrage: 1 Skala &#8211; 4 Fragen<\/p>\n<p>Nach der Reflexion der Studierenden- und Dozierendenperspektive l\u00e4uten wir die letzte Runde ein und beschr\u00e4nken uns auf 4 kurze Fragen, die die Marmelade f\u00fcr die Moderation herausholen:<\/p>\n<p>Mit einer Skala &#8222;stimme gar nicht zu &#8211; stimme voll zu&#8220;<\/p>\n<ul>\n<li>Ich w\u00fcrde diesen Kurs wieder besuchen<\/li>\n<li>Ich werde einen Folgekurs belegen<\/li>\n<li>Ich empfehle diesen Meisterkurs einem Freund<\/li>\n<li>Ich w\u00fcrde f\u00fcr den Kurs bezahlen<\/li>\n<\/ul>\n<p><strong>Die Moderation kommentiert die Ergebnisse nicht, sondern gibt einen abschlie\u00dfenden Kommentar ab<\/strong><\/p>\n<p>&nbsp;<\/p>\n<p><strong><img loading=\"lazy\" decoding=\"async\" class=\"size-full wp-image-738 alignleft\" src=\"https:\/\/virtualskills.unidu.hr\/wp-content\/uploads\/2022\/12\/image020-2.png\" alt=\"\" width=\"102\" height=\"103\" \/><\/strong><\/p>\n<p><strong>Abschlussrede und Verleihung des (virtuellen) Diploms (10&#8242;)<\/strong><\/p>\n<p>Das war&#8217;s! Fazilition dankt f\u00fcr Zeit<\/p>\n<p>Engagement, Energie, Kreativit\u00e4t, zuk\u00fcnftigen Erfolg.<\/p>\n<p>Ein virtuelles Klassendiplom wird verliehen.<\/p>\n<p>Jeder ist eingeladen, noch einmal laut zu sprechen.<\/p>\n<p>Es ist Zeit, sich zu verabschieden und viel Erfolg im weiteren Berufsleben.<\/p>\n<p><strong>Wenn es um virtuelle interkulturelle Teamarbeit geht, sind Sie alle gut vorbereitet! <\/strong>[\/vc_column_text][vc_column_text][\/vc_column_text][vc_empty_space height=&#8220;23px&#8220;][vc_column_text][\/vc_column_text]    <\/div>\n<\/div><h5 class=\"clearfix qode-title-holder\">\n<span class=\"qode-tab-title\">\n\t\t\t<span class=\"qode-tab-title-icon\">\n\t\t\t<span aria-hidden=\"true\" class=\"qode_icon_font_elegant arrow_left-right \" ><\/span>\t\t<\/span>\n\t    <span class=\"qode-tab-title-inner\">\n        Zus\u00e4tzliche Ressourcen    <\/span>\n<\/span>\n<span class=\"qode-accordion-mark\">\n    <span class=\"qode-accordion-mark-icon\">\n        <span class=\"icon_plus\"><\/span>\n        <span class=\"icon_minus-06\"><\/span>\n    <\/span>\n<\/span>\n<\/h5>\n<div  class=\"qode-accordion-content qode-acc-title-with-icon\" >\n    <div class=\"qode-accordion-content-inner\">\n        [vc_empty_space height=&#8220;23px&#8220;][vc_column_text]Retrospektive Techniken f\u00fcr die gemeinsame Entwicklung Retrospektiven sind moderierte Treffen im Projekt, in denen ein Team au\u00dferhalb der t\u00e4glichen Arbeitsroutinen die Zusammenarbeit reflektiert und m\u00f6gliche Verbesserungsans\u00e4tze erarbeitet. Regelm\u00e4\u00dfige Retrospektiven sind fester Bestandteil von agilen Projekten und f\u00fchren auch in traditionell geplanten Projekten zu einer Optimierung der Teamprozesse.<\/p>\n<ul>\n<li><a href=\"https:\/\/miro.com\/guides\/retrospectives\/ideas-games\">https:\/\/miro.com\/guides\/retrospectives\/ideas-games<\/a><\/li>\n<li>bit.ly\/3uCvf99<\/li>\n<li><a href=\"https:\/\/www.youtube.com\/watch?v=QHLC0mBAEUw\">https:\/\/www.youtube.com\/watch?v=QHLC0mBAEUw<\/a><\/li>\n<\/ul>\n<ul>\n<li>Eisbrecher sind kurze Aktivit\u00e4ten zu Beginn eines Kurses oder einer Klasse, die dazu dienen, sich vorzustellen, das gew\u00fcnschte Lernklima zu schaffen, Informationen \u00fcber die Lernenden und ihr Vorwissen zu sammeln oder Klassennormen zu vermitteln.<\/li>\n<li>Energizer sind kurze Aktivit\u00e4ten in der Mitte einer Lektion oder Klasse, die die Aufmerksamkeit der Lernenden neu fokussieren, die kognitive Aktivit\u00e4t anregen oder den Schwung wiederherstellen.<\/li>\n<li>Closers sind kurze Aktivit\u00e4ten am Ende einer Unterrichtsstunde oder Lektion, die Feedback zur Lektion einholen, das Verst\u00e4ndnis \u00fcberpr\u00fcfen, Konzepte zusammenfassen, kritische Denkprobleme einf\u00fchren oder eine Br\u00fccke zu zuk\u00fcnftigen Lektionen schlagen. (Quelle: bit.ly\/3hgkdTP)<\/li>\n<\/ul>\n<p><strong>Templates (Student feedback, diploma template etc.) <\/strong><\/p>\n<ul>\n<li>Polls \/ Mentimeter.com: <a href=\"https:\/\/www.menti.com\/alpqktc4p8nx\">https:\/\/www.menti.com\/alpqktc4p8nx<\/a><\/li>\n<li>Whiteboard: <a href=\"https:\/\/app.mural.co\/t\/vibes8894\/m\/vibes8894\/1669185699017\/a12f1232775a292b0bf12f9004556a370f3f7c2d?sender=michaelforster0434\">https:\/\/app.mural.co\/t\/vibes8894\/m\/vibes8894\/1669185699017\/a12f1232775a292b0bf12f9004556a370f3f7c2d?sender=michaelforster0434<\/a><\/li>\n<li>Google Docs: <a href=\"https:\/\/docs.google.com\/spreadsheets\/d\/1dW1rLGOuHiBHQGf6Vbi5usqFw1LjAhM7otNV_kZBsR0\/edit?usp=share_link\">https:\/\/docs.google.com\/spreadsheets\/d\/1dW1rLGOuHiBHQGf6Vbi5usqFw1LjAhM7otNV_kZBsR0\/edit?usp=share_link<\/a><\/li>\n<li>Diploma<\/li>\n<\/ul>\n<p>[\/vc_column_text][vc_column_text][\/vc_column_text][vc_empty_space height=&#8220;23px&#8220;][vc_column_text][\/vc_column_text]    <\/div>\n<\/div><\/div>[\/vc_column][\/vc_row]<\/p>\n<\/div>","protected":false},"excerpt":{"rendered":"<p>[vc_row css_animation=&#8220;&#8220; row_type=&#8220;row&#8220; use_row_as_full_screen_section=&#8220;yes&#8220; type=&#8220;full_width&#8220; angled_section=&#8220;no&#8220; text_align=&#8220;left&#8220; background_image_as_pattern=&#8220;without_pattern&#8220; z_index=&#8220;&#8220; background_image=&#8220;366&#8243;][vc_column][vc_column_text] Willkommen zu Sitzung 4 [\/vc_column_text][\/vc_column][\/vc_row][vc_row css_animation=&#8220;&#8220; row_type=&#8220;row&#8220; use_row_as_full_screen_section=&#8220;no&#8220; type=&#8220;full_width&#8220; angled_section=&#8220;no&#8220; text_align=&#8220;left&#8220; background_image_as_pattern=&#8220;without_pattern&#8220;][vc_column][\/vc_column][\/vc_row]<\/p>\n","protected":false},"author":1,"featured_media":0,"parent":0,"menu_order":0,"comment_status":"closed","ping_status":"closed","template":"","meta":{"footnotes":""},"class_list":["post-1179","page","type-page","status-publish","hentry"],"_links":{"self":[{"href":"https:\/\/virtualskills.unidu.hr\/de\/wp-json\/wp\/v2\/pages\/1179","targetHints":{"allow":["GET"]}}],"collection":[{"href":"https:\/\/virtualskills.unidu.hr\/de\/wp-json\/wp\/v2\/pages"}],"about":[{"href":"https:\/\/virtualskills.unidu.hr\/de\/wp-json\/wp\/v2\/types\/page"}],"author":[{"embeddable":true,"href":"https:\/\/virtualskills.unidu.hr\/de\/wp-json\/wp\/v2\/users\/1"}],"replies":[{"embeddable":true,"href":"https:\/\/virtualskills.unidu.hr\/de\/wp-json\/wp\/v2\/comments?post=1179"}],"version-history":[{"count":3,"href":"https:\/\/virtualskills.unidu.hr\/de\/wp-json\/wp\/v2\/pages\/1179\/revisions"}],"predecessor-version":[{"id":1182,"href":"https:\/\/virtualskills.unidu.hr\/de\/wp-json\/wp\/v2\/pages\/1179\/revisions\/1182"}],"wp:attachment":[{"href":"https:\/\/virtualskills.unidu.hr\/de\/wp-json\/wp\/v2\/media?parent=1179"}],"curies":[{"name":"wp","href":"https:\/\/api.w.org\/{rel}","templated":true}]}}