{"id":1223,"date":"2022-12-22T00:01:43","date_gmt":"2022-12-21T22:01:43","guid":{"rendered":"https:\/\/virtualskills.unidu.hr\/welcome-to-session-4\/"},"modified":"2023-02-11T21:29:17","modified_gmt":"2023-02-11T19:29:17","slug":"tervetuloa-silmukkaan-4","status":"publish","type":"page","link":"https:\/\/virtualskills.unidu.hr\/fi\/tervetuloa-silmukkaan-4\/","title":{"rendered":"Tervetuloa silmukkaan 4"},"content":{"rendered":"<div class=\"wpb-content-wrapper\"><p>[vc_row css_animation=&#8221;&#8221; row_type=&#8221;row&#8221; use_row_as_full_screen_section=&#8221;yes&#8221; type=&#8221;full_width&#8221; angled_section=&#8221;no&#8221; text_align=&#8221;left&#8221; background_image_as_pattern=&#8221;without_pattern&#8221; z_index=&#8221;&#8221; background_image=&#8221;366&#8243;][vc_column][vc_column_text]<\/p>\n<h1><span style=\"color: #ffffff;\">Tervetuloa silmukkaan 4 <\/span><\/h1>\n<p>[\/vc_column_text][\/vc_column][\/vc_row][vc_row css_animation=&#8221;&#8221; row_type=&#8221;row&#8221; use_row_as_full_screen_section=&#8221;no&#8221; type=&#8221;full_width&#8221; angled_section=&#8221;no&#8221; text_align=&#8221;left&#8221; background_image_as_pattern=&#8221;without_pattern&#8221;][vc_column]<div class=\"qode-accordion-holder clearfix qode-accordion qode-initial \">\n\t<h5 class=\"clearfix qode-title-holder\">\n<span class=\"qode-tab-title\">\n\t\t\t<span class=\"qode-tab-title-icon\">\n\t\t\t<span aria-hidden=\"true\" class=\"qode_icon_font_elegant arrow_left-right \" ><\/span>\t\t<\/span>\n\t    <span class=\"qode-tab-title-inner\">\n        Kurssirunko ja oppimistavoitteet    <\/span>\n<\/span>\n<span class=\"qode-accordion-mark\">\n    <span class=\"qode-accordion-mark-icon\">\n        <span class=\"icon_plus\"><\/span>\n        <span class=\"icon_minus-06\"><\/span>\n    <\/span>\n<\/span>\n<\/h5>\n<div  class=\"qode-accordion-content qode-acc-title-with-icon\" >\n    <div class=\"qode-accordion-content-inner\">\n        [vc_empty_space height=&#8221;23px&#8221;][vc_column_text]<strong><img loading=\"lazy\" decoding=\"async\" class=\" wp-image-676 alignleft\" src=\"https:\/\/virtualskills.unidu.hr\/wp-content\/uploads\/2022\/12\/image001-1.png\" alt=\"\" width=\"99\" height=\"99\" \/>About the<\/strong><strong> loop4<\/strong><strong>: This session is about wrapping learnings and course experience and to contribute to further iterations of the course.\u00a0<\/strong><\/p>\n<p>Therefore we apply useful retrospective techniques on two main tasks: creation of a \u201cchecklist for practice\u201d (for future collaborators) and retrospection on the class from a facilitator\u2019s perspective: methods used, tools deployed aso. As conclusion learners can celebrate together their achievements and receive their diploma.<\/p>\n<p>&nbsp;<\/p>\n<p><strong><img loading=\"lazy\" decoding=\"async\" class=\"size-full wp-image-677 alignleft\" src=\"https:\/\/virtualskills.unidu.hr\/wp-content\/uploads\/2022\/12\/image003-1.png\" alt=\"\" width=\"102\" height=\"102\" \/><\/strong>Oppimistavoitteet silmukassa 4: Osion nelj\u00e4 loppuun menness\u00e4 opiskelijat tiet\u00e4v\u00e4t ja ovat kokeneet, miten retrospektiivisi\u00e4 tekniikoita k\u00e4ytet\u00e4\u00e4n palautteen antamiseen ja kehitt\u00e4miseen. Jokainen opiskelija osallistuu v\u00e4hint\u00e4\u00e4n kerran ryhm\u00e4prosessiin ja on rohkeampi ja varmempi soveltamaan retrospektiota ryhm\u00e4ty\u00f6prosesseissa. Oppilaat osaavat soveltaa opittua omassa (yritys)kontekstissaan. P\u00e4iv\u00e4n p\u00e4\u00e4tteeksi oppijat pohtivat VIBES-tunnin kulkua retrospektiivisesti.<\/p>\n<p>&nbsp;<\/p>\n<p><strong><img loading=\"lazy\" decoding=\"async\" class=\" wp-image-678 alignleft\" src=\"https:\/\/virtualskills.unidu.hr\/wp-content\/uploads\/2022\/12\/image005-1.png\" alt=\"\" width=\"100\" height=\"100\" srcset=\"https:\/\/virtualskills.unidu.hr\/wp-content\/uploads\/2022\/12\/image005-1.png 152w, https:\/\/virtualskills.unidu.hr\/wp-content\/uploads\/2022\/12\/image005-1-150x150.png 150w\" sizes=\"auto, (max-width: 100px) 100vw, 100px\" \/><\/strong><\/p>\n<p><strong>S<\/strong><strong>uositeltava <\/strong><strong>tapaamis<\/strong><strong>muoto:<\/strong> T\u00e4m\u00e4 on virtuaalinen oppimislaboratorio. Sit\u00e4 voidaan soveltaa my\u00f6s paikan p\u00e4\u00e4ll\u00e4 ilman muutoksia opetukseen ja teht\u00e4viin. Kuten silmukka 1, t\u00e4m\u00e4 voi olla kurssin p\u00e4\u00e4tt\u00e4v\u00e4 l\u00e4hitapaamiskerta jolloin voidaan juhlia kurssikokemuksia.<\/p>\n<p>&nbsp;<\/p>\n<p>&nbsp;<\/p>\n<p>&nbsp;<\/p>\n<p><strong><img loading=\"lazy\" decoding=\"async\" class=\" wp-image-679 alignleft\" src=\"https:\/\/virtualskills.unidu.hr\/wp-content\/uploads\/2022\/12\/image007-1.png\" alt=\"\" width=\"101\" height=\"101\" \/><\/strong><\/p>\n<p><strong>Suositeltava <\/strong><strong>tapaamisen<\/strong> <strong>kesto<\/strong>: 3 tuntia, 2 pidennetty\u00e4 taukoa ja oheistoimintaa (ks. lis\u00e4materiaalit).<\/p>\n<p><strong>Tauot:<\/strong>Kukin ohjaaja p\u00e4\u00e4tt\u00e4\u00e4 ryhm\u00e4dynamiikan perusteella, milloin on oikea aika pit\u00e4\u00e4 tauko, mutta suosittelemme v\u00e4hint\u00e4\u00e4n kahta 10 minuutin taukoa 60<\/p>\n<p>&nbsp;<\/p>\n<p>&nbsp;<\/p>\n<p><img loading=\"lazy\" decoding=\"async\" class=\" wp-image-656 alignleft\" src=\"https:\/\/virtualskills.unidu.hr\/wp-content\/uploads\/2022\/12\/image009.png\" alt=\"\" width=\"88\" height=\"26\" \/>Yksityiskohtaisemmat ohjeet l\u00f6ytyv\u00e4t my\u00f6s ohjaajan k\u00e4sikirjasta, joka on saatavilla T\u00c4\u00c4LT\u00c4.[\/vc_column_text]    <\/div>\n<\/div><h5 class=\"clearfix qode-title-holder\">\n<span class=\"qode-tab-title\">\n\t\t\t<span class=\"qode-tab-title-icon\">\n\t\t\t<span aria-hidden=\"true\" class=\"qode_icon_font_elegant arrow_left-right \" ><\/span>\t\t<\/span>\n\t    <span class=\"qode-tab-title-inner\">\n        Retrospektiiviset tekniikat    <\/span>\n<\/span>\n<span class=\"qode-accordion-mark\">\n    <span class=\"qode-accordion-mark-icon\">\n        <span class=\"icon_plus\"><\/span>\n        <span class=\"icon_minus-06\"><\/span>\n    <\/span>\n<\/span>\n<\/h5>\n<div  class=\"qode-accordion-content qode-acc-title-with-icon\" >\n    <div class=\"qode-accordion-content-inner\">\n        [vc_empty_space height=&#8221;23px&#8221;][vc_column_text]<strong><img loading=\"lazy\" decoding=\"async\" class=\" wp-image-679 alignleft\" src=\"https:\/\/virtualskills.unidu.hr\/wp-content\/uploads\/2022\/12\/image007-1.png\" alt=\"\" width=\"101\" height=\"101\" \/><\/strong><strong>Suositeltu osion kesto:<\/strong> Enint\u00e4\u00e4n 60 min<\/p>\n<p>&nbsp;<\/p>\n<p>&nbsp;<\/p>\n<p>&nbsp;<\/p>\n<p>&nbsp;<\/p>\n<p><strong><img loading=\"lazy\" decoding=\"async\" class=\" wp-image-666 alignleft\" src=\"https:\/\/virtualskills.unidu.hr\/wp-content\/uploads\/2022\/12\/image011-1.png\" alt=\"\" width=\"98\" height=\"98\" \/><\/strong><strong>Ennakkoteht\u00e4v\u00e4: <\/strong>Opiskelijoiden on laadittava ennakkoteht\u00e4v\u00e4 t\u00e4t\u00e4 silmukkaa varten. Tutustu teht\u00e4vien ty\u00f6kalupakkiin T\u00c4ST\u00c4<\/p>\n<p>&nbsp;<\/p>\n<p>&nbsp;<\/p>\n<p>&nbsp;<\/p>\n<p><strong><img loading=\"lazy\" decoding=\"async\" class=\" wp-image-658 alignleft\" src=\"https:\/\/virtualskills.unidu.hr\/wp-content\/uploads\/2022\/12\/image013.png\" alt=\"\" width=\"100\" height=\"100\" \/><\/strong><\/p>\n<p><strong>Johdanto (enint\u00e4\u00e4n 30<\/strong><strong> min<\/strong><strong>) <\/strong><\/p>\n<p>Luo lyhyt katsaus silmukoista 1-3 (opettajan n\u00e4k\u00f6kulmasta), 10min.<\/p>\n<ul>\n<li>K\u00e4ytetyt menetelm\u00e4t ja v\u00e4lineet (3 min)<\/li>\n<li>Yhteenveto koko kurssin konseptista (max. 7 min).<\/li>\n<\/ul>\n<p>Anna arvoa opiskelijoiden ty\u00f6taakalle ja teht\u00e4ville, k\u00e4sittele (10 min.):<\/p>\n<ul>\n<li>Oppimisp\u00e4iv\u00e4kirjat<\/li>\n<li>Ryhm\u00e4pohdinta (lyhyt)<\/li>\n<li>PechaKucha-teht\u00e4vien tulokset ja palkitseminen<\/li>\n<\/ul>\n<p>&nbsp;<\/p>\n<p><strong><img loading=\"lazy\" decoding=\"async\" class=\"size-full wp-image-671 alignleft\" src=\"https:\/\/virtualskills.unidu.hr\/wp-content\/uploads\/2022\/12\/image024-1.png\" alt=\"\" width=\"102\" height=\"102\" \/><\/strong><\/p>\n<p><strong>Retrospektiiviset tekniikat (25 min)<\/strong><\/p>\n<p><strong>Ohje<\/strong><\/p>\n<p>Luennoitsijan ohjaamana luokka oppii valmiiden retrospektiivisten tekniikoiden kulmakivet, joita voi kokeilla tiimeiss\u00e4. Katso <a href=\"https:\/\/docs.google.com\/presentation\/d\/185dvUZ8sYhcauIqzY3T1jSRLlAWt7rDD\/edit?usp=share_link&amp;ouid=106558850171530421728&amp;rtpof=true&amp;sd=true\">slide-pakasta<\/a> lis\u00e4opetusmuistiinpanoja aiheesta (10 min.).<\/p>\n<ul>\n<li>Johdantovideo (<a href=\"https:\/\/youtu.be\/QHLC0mBAEUw\">YT<\/a>)<\/li>\n<li>Ohje retrospektiivinen tekniikka &#8221;<a href=\"https:\/\/adaptmethodology.com\/sailboat-exercise-sailboat-retrospective\">purjevene<\/a>&#8221;.<\/li>\n<\/ul>\n<p><strong>Sovel<\/strong><strong>taminen (15 min)<\/strong><\/p>\n<p>Pyyd\u00e4 opiskelijoita kertomaan omista kokemuksistaan (ja anna heid\u00e4n antaa palautetta PechaKucha-teht\u00e4vist\u00e4 ryhmiss\u00e4.<\/p>\n<p>&nbsp;<\/p>\n<p><img loading=\"lazy\" decoding=\"async\" class=\" wp-image-673 alignleft\" src=\"https:\/\/virtualskills.unidu.hr\/wp-content\/uploads\/2022\/12\/image029-1.png\" alt=\"\" width=\"100\" height=\"113\" \/><\/p>\n<p><strong>Tauko 1: <\/strong><strong>10 min<\/strong><strong>. <\/strong><\/p>\n<p><strong>\u00a0<\/strong><\/p>\n<p>&nbsp;<\/p>\n<p>&nbsp;<\/p>\n<p>&nbsp;<\/p>\n<p>&nbsp;<\/p>\n<p><strong><img loading=\"lazy\" decoding=\"async\" class=\" wp-image-670 alignleft\" src=\"https:\/\/virtualskills.unidu.hr\/wp-content\/uploads\/2022\/12\/image020-1.png\" alt=\"\" width=\"97\" height=\"68\" \/><\/strong><\/p>\n<p><strong>Tauon j\u00e4lkeen (5<\/strong><strong> min)<\/strong><strong>: <\/strong>K\u00e4yt\u00e4 jotakin aktivoivaa menetelm\u00e4\u00e4 luokan kokoamiseksi takaisin yhteen (esim. laita heid\u00e4t liikkumaan, tietokilpailu, &#8221;minun juttuni&#8221;, &#8221;kosketa jotain sinist\u00e4&#8221; jne.).[\/vc_column_text][vc_column_text][\/vc_column_text][vc_empty_space height=&#8221;30px&#8221;]    <\/div>\n<\/div><h5 class=\"clearfix qode-title-holder\">\n<span class=\"qode-tab-title\">\n\t\t\t<span class=\"qode-tab-title-icon\">\n\t\t\t<span aria-hidden=\"true\" class=\"qode_icon_font_elegant arrow_left-right \" ><\/span>\t\t<\/span>\n\t    <span class=\"qode-tab-title-inner\">\n        Luo tarkistuslista (tulevia virtuaalisia yhteisty\u00f6kumppaneita varten).    <\/span>\n<\/span>\n<span class=\"qode-accordion-mark\">\n    <span class=\"qode-accordion-mark-icon\">\n        <span class=\"icon_plus\"><\/span>\n        <span class=\"icon_minus-06\"><\/span>\n    <\/span>\n<\/span>\n<\/h5>\n<div  class=\"qode-accordion-content qode-acc-title-with-icon\" >\n    <div class=\"qode-accordion-content-inner\">\n        [vc_empty_space height=&#8221;23px&#8221;][vc_column_text]<strong><img loading=\"lazy\" decoding=\"async\" class=\" wp-image-679 alignleft\" src=\"https:\/\/virtualskills.unidu.hr\/wp-content\/uploads\/2022\/12\/image007-1.png\" alt=\"\" width=\"99\" height=\"99\" \/><\/strong><strong>Suositeltu osion kesto:<\/strong> enint\u00e4\u00e4n 1,5 tuntia<\/p>\n<p>&nbsp;<\/p>\n<p>&nbsp;<\/p>\n<p>&nbsp;<\/p>\n<p>&nbsp;<\/p>\n<p><strong><img loading=\"lazy\" decoding=\"async\" class=\" wp-image-658 alignleft\" src=\"https:\/\/virtualskills.unidu.hr\/wp-content\/uploads\/2022\/12\/image013.png\" alt=\"\" width=\"99\" height=\"99\" \/>Agendan l\u00e4pik\u00e4ynti (3 min.):<\/strong><\/p>\n<p>&nbsp;<\/p>\n<p>&nbsp;<\/p>\n<p>&nbsp;<\/p>\n<p>&nbsp;<\/p>\n<p>&nbsp;<\/p>\n<p><strong><img loading=\"lazy\" decoding=\"async\" class=\" wp-image-663 alignleft\" src=\"https:\/\/virtualskills.unidu.hr\/wp-content\/uploads\/2022\/12\/image025.png\" alt=\"\" width=\"101\" height=\"104\" \/><\/strong><\/p>\n<p><strong>Siirtym\u00e4 1 &#8211; Retrospektiivi opiskelijan n\u00e4k\u00f6kulmasta (30 min)<\/strong><\/p>\n<p>Ryhm\u00e4teht\u00e4v\u00e4 (20-25 min)<\/p>\n<p>Tee yhteisty\u00f6t\u00e4 ryhmiss\u00e4 tarkistuslistan laatimiseksi ja (tulevien) virtuaalisten yhteisty\u00f6kumppaneiden ohjeistamiseksi. Retrospektiivisen tekniikan k\u00e4ytt\u00f6 (1).<\/p>\n<p>Teht\u00e4v\u00e4: Osallista, keskusteluta ja sovi k\u00e4yt\u00e4nn\u00f6ist\u00e4. Sovi kolmesta aiheesta \/ ohjeesta. Kysy itselt\u00e4si: &#8221;Mit\u00e4 aiot\/pystyt soveltamaan k\u00e4yt\u00e4nn\u00f6ss\u00e4 ja miten?&#8221; Opiskelijoiden tulisi olla soveltaa kysymyst\u00e4 yrityskontekstissa:<\/p>\n<p>&#8221;Liisa haluaa soveltaa PechaKuchaa k\u00e4yt\u00e4nn\u00f6ss\u00e4 (&#8230;) miten, kenelle, miksi, milloin, miss\u00e4?<\/p>\n<p><strong>B.\u00a0 <\/strong>Luokkavuoropuhelu (10 min -15 min) Lyhyt yhteenveto ja keskustelu teht\u00e4v\u00e4st\u00e4 (1) luokkavuoropuheluna: Esitt\u00e4k\u00e4\u00e4 yksi esimerkki kustakin ty\u00f6ryhm\u00e4st\u00e4 (&#8221;parhaat k\u00e4yt\u00e4nn\u00f6t&#8221;) siit\u00e4, mit\u00e4 voidaan soveltaa l\u00e4hitulevaisuudessa, moderaattorin johdolla<\/p>\n<p>&nbsp;<\/p>\n<p>&nbsp;<\/p>\n<p><strong><img loading=\"lazy\" decoding=\"async\" class=\" wp-image-675 alignleft\" src=\"https:\/\/virtualskills.unidu.hr\/wp-content\/uploads\/2022\/12\/image033-1.png\" alt=\"\" width=\"101\" height=\"101\" \/><\/strong><\/p>\n<p><strong>Ohjaajan yhteenveto siirrosta 1 (3<\/strong><strong> min<\/strong><strong>): <\/strong><\/p>\n<p>Fasilitaattori tekee lyhyen yhteenvedon ja osoittaa arvostusta opiskelijoiden panoksesta.<\/p>\n<p>&nbsp;<\/p>\n<p>&nbsp;<\/p>\n<p>&nbsp;<\/p>\n<p><img loading=\"lazy\" decoding=\"async\" class=\" wp-image-664 alignleft\" src=\"https:\/\/virtualskills.unidu.hr\/wp-content\/uploads\/2022\/12\/image029.png\" alt=\"\" width=\"99\" height=\"112\" \/>(Valmistaudy tarjoamaan lyhyt tauko (+10 min.))<\/p>\n<p>&nbsp;<\/p>\n<p>&nbsp;<\/p>\n<p>&nbsp;<\/p>\n<p>&nbsp;<\/p>\n<p><strong>Sii<\/strong><strong>rtym\u00e4 2 (20-25<\/strong><strong> min) Retrospektiivi kouluttaj<\/strong><strong>an n\u00e4k\u00f6kulmasta<\/strong><\/p>\n<p>&nbsp;<\/p>\n<p><strong><img loading=\"lazy\" decoding=\"async\" class=\" wp-image-663 alignleft\" src=\"https:\/\/virtualskills.unidu.hr\/wp-content\/uploads\/2022\/12\/image025.png\" alt=\"\" width=\"101\" height=\"104\" \/><\/strong><\/p>\n<p><strong>Sovel<\/strong><strong>taminen<\/strong><\/p>\n<p>T\u00e4m\u00e4 siirtym\u00e4 on kaksitahoinen:<\/p>\n<p>2a: Chat-kysely: Mik\u00e4 sis\u00e4lt\u00f6 s\u00e4ilytet\u00e4\u00e4n \/ j\u00e4tet\u00e4\u00e4n pois?<br \/>\n(k\u00e4yt\u00e4 Mentimeter.com-sivustoa)<\/p>\n<p>2b: Ryhm\u00e4teht\u00e4v\u00e4, j\u00e4rjest\u00e4ydyt\u00e4\u00e4n j\u00e4lleen ryhmiin:<br \/>\nLuodaan yhdess\u00e4 taulukkolaskentaohjelmalla (google docs):<br \/>\nRetrospektiivisen tekniikan k\u00e4ytt\u00f6 (2)<\/p>\n<p>&#8211; Silmukka 1-3<\/p>\n<p>&#8211; Teht\u00e4v\u00e4t<\/p>\n<p>T\u00e4rkein k\u00e4sitelt\u00e4v\u00e4 kysymys:<\/p>\n<p>Mit\u00e4 olisit tehnyt toisin kurssilla?<\/p>\n<ul>\n<li>Sis\u00e4lt\u00f6<\/li>\n<li>Ty\u00f6kalut \/ menetelm\u00e4t<\/li>\n<li>Ohjaus<\/li>\n<\/ul>\n<p><strong><img loading=\"lazy\" decoding=\"async\" class=\"wp-image-675 alignleft\" src=\"https:\/\/virtualskills.unidu.hr\/wp-content\/uploads\/2022\/12\/image033-1.png\" alt=\"\" width=\"99\" height=\"99\" \/><\/strong><\/p>\n<p><strong>Ohjaajan yhteenveto siirtym\u00e4st\u00e4 2 (4 min):<\/strong><\/p>\n<p>Pohdinta, lyhyt palaute, tuotoksen, vaivann\u00e4\u00f6n ja ajan arvostus.<\/p>\n<p>Fasilitaattori tekee lyhyen yhteenvedon ja \u00a0antaa arvostusta opiskelijoiden panostuksesta.\u00a0 Panoksesi\/havaintosi ovat t\u00e4m\u00e4n kurssin jatkokehitt\u00e4misen kohteena (missiomme: elinik\u00e4inen oppiminen).<\/p>\n<p>Siirtyminen osioon 4 (1 min)[\/vc_column_text][vc_column_text][\/vc_column_text][vc_column_text][\/vc_column_text][vc_empty_space height=&#8221;23px&#8221;][vc_column_text][\/vc_column_text][vc_column_text][\/vc_column_text]    <\/div>\n<\/div><h5 class=\"clearfix qode-title-holder\">\n<span class=\"qode-tab-title\">\n\t\t\t<span class=\"qode-tab-title-icon\">\n\t\t\t<span aria-hidden=\"true\" class=\"qode_icon_font_elegant arrow_left-right \" ><\/span>\t\t<\/span>\n\t    <span class=\"qode-tab-title-inner\">\n        Lopetus ja kurssin yhteenveto    <\/span>\n<\/span>\n<span class=\"qode-accordion-mark\">\n    <span class=\"qode-accordion-mark-icon\">\n        <span class=\"icon_plus\"><\/span>\n        <span class=\"icon_minus-06\"><\/span>\n    <\/span>\n<\/span>\n<\/h5>\n<div  class=\"qode-accordion-content qode-acc-title-with-icon\" >\n    <div class=\"qode-accordion-content-inner\">\n        [vc_empty_space height=&#8221;23px&#8221;][vc_column_text]<strong><img loading=\"lazy\" decoding=\"async\" class=\" wp-image-679 alignleft\" src=\"https:\/\/virtualskills.unidu.hr\/wp-content\/uploads\/2022\/12\/image007-1.png\" alt=\"\" width=\"100\" height=\"100\" \/>Suositeltu osion kesto:<\/strong> enint\u00e4\u00e4n 20 minuuttia<\/p>\n<p>&nbsp;<\/p>\n<p>&nbsp;<\/p>\n<p>&nbsp;<\/p>\n<p>&nbsp;<\/p>\n<p><strong><img loading=\"lazy\" decoding=\"async\" class=\" wp-image-675 alignleft\" src=\"https:\/\/virtualskills.unidu.hr\/wp-content\/uploads\/2022\/12\/image033-1.png\" alt=\"\" width=\"101\" height=\"101\" \/><\/strong><\/p>\n<p>Kurssin lopetus: (5 min.)<\/p>\n<p>Flash-kysely: Yksi asteikko &#8211; Nelj\u00e4 kysymyst\u00e4<\/p>\n<p>Opiskelijoiden ja luennoitsijoiden n\u00e4k\u00f6kulmien reflektoinnin j\u00e4lkeen esitet\u00e4\u00e4n nelj\u00e4 lyhytt\u00e4 kysymyst\u00e4:<\/p>\n<p>Asteikolla &#8221;t\u00e4ysin eri mielt\u00e4 &#8211; t\u00e4ysin samaa mielt\u00e4&#8221;.<\/p>\n<ul>\n<li>Osallistuisin t\u00e4lle kurssille uudelleen<\/li>\n<li>Osallistuisin jatkokurssille<\/li>\n<li>Suosittelisin t\u00e4t\u00e4 mestarikurssia yst\u00e4v\u00e4lle<\/li>\n<li>Maksaisin kurssista<\/li>\n<\/ul>\n<p><strong>Fasilitoija ei kommentoi tuloksia.<br \/>\n<\/strong><\/p>\n<p>&nbsp;<\/p>\n<p><strong><img loading=\"lazy\" decoding=\"async\" class=\"size-full wp-image-738 alignleft\" src=\"https:\/\/virtualskills.unidu.hr\/wp-content\/uploads\/2022\/12\/image020-2.png\" alt=\"\" width=\"102\" height=\"103\" \/><\/strong><\/p>\n<p><strong>P\u00e4\u00e4t\u00f6spuhe ja (virtuaalisen) tutkintotodistuksen my\u00f6nt\u00e4minen (10 min.)<\/strong><\/p>\n<p>Luokalle my\u00f6nnet\u00e4\u00e4n virtuaalinen tutkintotodistus.<\/p>\n<p>Kaikkia pyydet\u00e4\u00e4n puhumaan viel\u00e4 kerran \u00e4\u00e4neen. Annetaan arvoa opiskelijoiden<br \/>\nomistautumiselle, energialle ja luovuudelle. On aika hyv\u00e4stell\u00e4 ja toivottaa menestyst\u00e4 tuleville urille.[\/vc_column_text][vc_column_text][\/vc_column_text][vc_empty_space height=&#8221;23px&#8221;][vc_column_text][\/vc_column_text]    <\/div>\n<\/div><h5 class=\"clearfix qode-title-holder\">\n<span class=\"qode-tab-title\">\n\t\t\t<span class=\"qode-tab-title-icon\">\n\t\t\t<span aria-hidden=\"true\" class=\"qode_icon_font_elegant arrow_left-right \" ><\/span>\t\t<\/span>\n\t    <span class=\"qode-tab-title-inner\">\n        Lis\u00e4materiaaleja    <\/span>\n<\/span>\n<span class=\"qode-accordion-mark\">\n    <span class=\"qode-accordion-mark-icon\">\n        <span class=\"icon_plus\"><\/span>\n        <span class=\"icon_minus-06\"><\/span>\n    <\/span>\n<\/span>\n<\/h5>\n<div  class=\"qode-accordion-content qode-acc-title-with-icon\" >\n    <div class=\"qode-accordion-content-inner\">\n        [vc_empty_space height=&#8221;23px&#8221;][vc_column_text]<strong>Retrospektiiviset tekniikat yhteiskehitt\u00e4miseen<\/strong><\/p>\n<p>Retrospektiivit ovat projektissa pidett\u00e4vi\u00e4 moderoituja kokouksia, joissa tiimi pohtii yhteisty\u00f6t\u00e4 p\u00e4ivitt\u00e4isten ty\u00f6rutiinien ulkopuolella ja ty\u00f6st\u00e4\u00e4 mahdollisia parannuskeinoja. S\u00e4\u00e4nn\u00f6lliset retrospektiivit ovat olennainen osa ketteri\u00e4 hankkeita, ja ne johtavat tiimiprosessien optimointiin my\u00f6s perinteisesti suunnitelluissa hankkeissa.<\/p>\n<ul>\n<li><a href=\"https:\/\/miro.com\/guides\/retrospectives\/ideas-games\">https:\/\/miro.com\/guides\/retrospectives\/ideas-games<\/a><\/li>\n<li>ly\/3uCvf99<\/li>\n<li><a href=\"https:\/\/www.youtube.com\/watch?v=QHLC0mBAEUw\">https:\/\/www.youtube.com\/watch?v=QHLC0mBAEUw<\/a><\/li>\n<\/ul>\n<p>(&#8230;)<\/p>\n<p><strong>Tunnelman kevent\u00e4j\u00e4t, aktivoinnit, l\u00e4mmittelyt ja j\u00e4\u00e4hdyttelyt<\/strong><\/p>\n<p>Tunnelman kevent\u00e4j\u00e4t ovat kurssin tai luokan alussa teht\u00e4vi\u00e4 lyhyit\u00e4 toimintoja, joilla tehd\u00e4\u00e4n esittelyj\u00e4, luodaan toivottu oppimisilmapiiri, ker\u00e4t\u00e4\u00e4n tietoa opiskelijoista ja heid\u00e4n aiemmista tiedoistaan tai kerrotaan luokan normeista.<\/p>\n<ul>\n<li>Aktivoinnit ovat lyhyit\u00e4 aktiviteetteja oppitunnin tai luokan puoliv\u00e4liss\u00e4, jotka suuntaavat oppilaiden huomion uudelleen, stimuloivat kognitiivista toimintaa tai palauttavat vauhdin.<\/li>\n<li>J\u00e4\u00e4hdyttelyt ovat lyhyit\u00e4 teht\u00e4vi\u00e4 luokan tai oppitunnin lopussa, joilla ker\u00e4t\u00e4\u00e4n palautetta oppitunnista, tarkistetaan ymm\u00e4rrys, tiivistet\u00e4\u00e4n k\u00e4sitteit\u00e4, esitell\u00e4\u00e4n kriittisen ajattelun ongelmia tai luodaan silta tuleviin oppitunteihin. (l\u00e4hde: bit.ly\/3hgkdTP)<\/li>\n<\/ul>\n<p><strong>Malleja (opiskelijapalaute, diplomi jne.) <\/strong><\/p>\n<ul>\n<li>Mielipidemittaukset \/ Mentimeter.com: <a href=\"https:\/\/www.menti.com\/alpqktc4p8nx\">https:\/\/www.menti.com\/alpqktc4p8nx<\/a><\/li>\n<li>Whiteboard: <a href=\"https:\/\/app.mural.co\/t\/vibes8894\/m\/vibes8894\/1669185699017\/a12f1232775a292b0bf12f9004556a370f3f7c2d?sender=michaelforster0434\">https:\/\/app.mural.co\/t\/vibes8894\/m\/vibes8894\/1669185699017\/a12f1232775a292b0bf12f9004556a370f3f7c2d?sender=michaelforster0434<\/a><\/li>\n<li>Google Docs: <a href=\"https:\/\/docs.google.com\/spreadsheets\/d\/1dW1rLGOuHiBHQGf6Vbi5usqFw1LjAhM7otNV_kZBsR0\/edit?usp=share_link\">https:\/\/docs.google.com\/spreadsheets\/d\/1dW1rLGOuHiBHQGf6Vbi5usqFw1LjAhM7otNV_kZBsR0\/edit?usp=share_link<\/a><\/li>\n<li>Diplomi<\/li>\n<\/ul>\n<p>[\/vc_column_text][vc_column_text][\/vc_column_text][vc_empty_space height=&#8221;23px&#8221;][vc_column_text][\/vc_column_text]    <\/div>\n<\/div><\/div>[\/vc_column][\/vc_row]<\/p>\n<\/div>","protected":false},"excerpt":{"rendered":"<p>[vc_row css_animation=&#8221;&#8221; row_type=&#8221;row&#8221; use_row_as_full_screen_section=&#8221;yes&#8221; type=&#8221;full_width&#8221; angled_section=&#8221;no&#8221; text_align=&#8221;left&#8221; background_image_as_pattern=&#8221;without_pattern&#8221; z_index=&#8221;&#8221; background_image=&#8221;366&#8243;][vc_column][vc_column_text] Tervetuloa silmukkaan 4 [\/vc_column_text][\/vc_column][\/vc_row][vc_row css_animation=&#8221;&#8221; row_type=&#8221;row&#8221; use_row_as_full_screen_section=&#8221;no&#8221; type=&#8221;full_width&#8221; angled_section=&#8221;no&#8221; text_align=&#8221;left&#8221; background_image_as_pattern=&#8221;without_pattern&#8221;][vc_column][\/vc_column][\/vc_row]<\/p>\n","protected":false},"author":1,"featured_media":0,"parent":0,"menu_order":0,"comment_status":"closed","ping_status":"closed","template":"","meta":{"footnotes":""},"class_list":["post-1223","page","type-page","status-publish","hentry"],"_links":{"self":[{"href":"https:\/\/virtualskills.unidu.hr\/fi\/wp-json\/wp\/v2\/pages\/1223","targetHints":{"allow":["GET"]}}],"collection":[{"href":"https:\/\/virtualskills.unidu.hr\/fi\/wp-json\/wp\/v2\/pages"}],"about":[{"href":"https:\/\/virtualskills.unidu.hr\/fi\/wp-json\/wp\/v2\/types\/page"}],"author":[{"embeddable":true,"href":"https:\/\/virtualskills.unidu.hr\/fi\/wp-json\/wp\/v2\/users\/1"}],"replies":[{"embeddable":true,"href":"https:\/\/virtualskills.unidu.hr\/fi\/wp-json\/wp\/v2\/comments?post=1223"}],"version-history":[{"count":4,"href":"https:\/\/virtualskills.unidu.hr\/fi\/wp-json\/wp\/v2\/pages\/1223\/revisions"}],"predecessor-version":[{"id":1232,"href":"https:\/\/virtualskills.unidu.hr\/fi\/wp-json\/wp\/v2\/pages\/1223\/revisions\/1232"}],"wp:attachment":[{"href":"https:\/\/virtualskills.unidu.hr\/fi\/wp-json\/wp\/v2\/media?parent=1223"}],"curies":[{"name":"wp","href":"https:\/\/api.w.org\/{rel}","templated":true}]}}