{"id":1128,"date":"2022-12-22T00:01:43","date_gmt":"2022-12-21T22:01:43","guid":{"rendered":"https:\/\/virtualskills.unidu.hr\/welcome-to-session-4\/"},"modified":"2023-02-09T15:14:43","modified_gmt":"2023-02-09T13:14:43","slug":"osvrt","status":"publish","type":"page","link":"https:\/\/virtualskills.unidu.hr\/hr\/osvrt\/","title":{"rendered":"Osvrt"},"content":{"rendered":"<div class=\"wpb-content-wrapper\"><p>[vc_row css_animation=&#8221;&#8221; row_type=&#8221;row&#8221; use_row_as_full_screen_section=&#8221;yes&#8221; type=&#8221;full_width&#8221; angled_section=&#8221;no&#8221; text_align=&#8221;left&#8221; background_image_as_pattern=&#8221;without_pattern&#8221; z_index=&#8221;&#8221; background_image=&#8221;366&#8243;][vc_column][vc_column_text]<\/p>\n<h1><span style=\"color: #ffffff;\">Dobrodo\u0161li u Petlju 4<\/span><\/h1>\n<p>[\/vc_column_text][\/vc_column][\/vc_row][vc_row css_animation=&#8221;&#8221; row_type=&#8221;row&#8221; use_row_as_full_screen_section=&#8221;no&#8221; type=&#8221;full_width&#8221; angled_section=&#8221;no&#8221; text_align=&#8221;left&#8221; background_image_as_pattern=&#8221;without_pattern&#8221;][vc_column]<div class=\"qode-accordion-holder clearfix qode-accordion qode-initial \">\n\t<h5 class=\"clearfix qode-title-holder\">\n<span class=\"qode-tab-title\">\n\t\t\t<span class=\"qode-tab-title-icon\">\n\t\t\t<span aria-hidden=\"true\" class=\"qode_icon_font_elegant arrow_left-right \" ><\/span>\t\t<\/span>\n\t    <span class=\"qode-tab-title-inner\">\n        Postavke i priprema i ishodi u\u010denja    <\/span>\n<\/span>\n<span class=\"qode-accordion-mark\">\n    <span class=\"qode-accordion-mark-icon\">\n        <span class=\"icon_plus\"><\/span>\n        <span class=\"icon_minus-06\"><\/span>\n    <\/span>\n<\/span>\n<\/h5>\n<div  class=\"qode-accordion-content qode-acc-title-with-icon\" >\n    <div class=\"qode-accordion-content-inner\">\n        [vc_empty_space height=&#8221;23px&#8221;][vc_column_text]<strong><img loading=\"lazy\" decoding=\"async\" class=\" wp-image-676 alignleft\" src=\"https:\/\/virtualskills.unidu.hr\/wp-content\/uploads\/2022\/12\/image001-1.png\" alt=\"\" width=\"99\" height=\"99\" \/><\/strong><\/p>\n<p><strong>O loop4: Ova sesija govori o sa\u017eimanju ste\u010denih znanja i iskustava te doprinosu daljnjim ponavljanjima te\u010daja.<\/strong><\/p>\n<p>U sesiji primjenjujemo korisne retrospektivne tehnike na dva glavna zadatka: stvaranje &#8220;popisa za provjeru&#8221; (za budu\u0107e suradnike) i retrospekciju razreda iz perspektive voditelja: metode koje se koriste, alati koji se tako\u0111er koriste. Kao zaklju\u010dak, u\u010denici mogu zajedno proslaviti svoja postignu\u0107a i primiti svoju diplomu.<\/p>\n<p>&nbsp;<\/p>\n<p><strong><img loading=\"lazy\" decoding=\"async\" class=\"size-full wp-image-677 alignleft\" src=\"https:\/\/virtualskills.unidu.hr\/wp-content\/uploads\/2022\/12\/image003-1.png\" alt=\"\" width=\"102\" height=\"102\" \/><\/strong><strong>Ishodi u\u010denja u petlji 4:<\/strong> Do kraja petlje 4 polaznici znaju i iskusili su kako smisleno koristiti retrospektivne tehnike za povratne informacije, pobolj\u0161anje i razvoj. Svaki student barem jednom pridonosi grupnom procesu i osje\u0107a se ohrabrenim i sigurnijim primijeniti retrospektivu u procesima timskog rada. U\u010denici znaju kako primijeniti nau\u010deno u vlastitom (poslovnom) kontekstu. Na kraju dana u\u010denici razmi\u0161ljaju o VIBES te\u010daju u retrospektivi.<\/p>\n<p>&nbsp;<\/p>\n<p><strong><img loading=\"lazy\" decoding=\"async\" class=\" wp-image-678 alignleft\" src=\"https:\/\/virtualskills.unidu.hr\/wp-content\/uploads\/2022\/12\/image005-1.png\" alt=\"\" width=\"100\" height=\"100\" srcset=\"https:\/\/virtualskills.unidu.hr\/wp-content\/uploads\/2022\/12\/image005-1.png 152w, https:\/\/virtualskills.unidu.hr\/wp-content\/uploads\/2022\/12\/image005-1-150x150.png 150w\" sizes=\"auto, (max-width: 100px) 100vw, 100px\" \/><\/strong><strong>Preporu\u010deni format sastanka:<\/strong> Ovo je virtualni laboratorij za u\u010denje. Mo\u017ee se primijeniti i na licu mjesta bez ikakvih promjena u nastavi i zadacima. Kao i petlja 1, ovo bi mogao biti posljednji dan kontakta da se zavr\u0161e stvari i proslave iskustva te\u010daja.<\/p>\n<p>&nbsp;<\/p>\n<p>&nbsp;<\/p>\n<p>&nbsp;<\/p>\n<p><strong><img loading=\"lazy\" decoding=\"async\" class=\" wp-image-679 alignleft\" src=\"https:\/\/virtualskills.unidu.hr\/wp-content\/uploads\/2022\/12\/image007-1.png\" alt=\"\" width=\"101\" height=\"101\" \/><\/strong><\/p>\n<p><strong>Preporu\u010deno<\/strong> <strong>trajanje sastanka:<\/strong> 3 sata s 2 produ\u017eene pauze i sporednim aktivnostima (pogledajte dodatne materijale)<\/p>\n<p><strong>Pauze: <\/strong>Svaki instruktor \u0107e na temelju grupne dinamike odlu\u010diti kada je pravo vrijeme za pauzu, ali preporu\u010dujemo najmanje dvije pauze od 10 minuta nakon svakih 60 minuta rada.<\/p>\n<p>&nbsp;<\/p>\n<p>&nbsp;<\/p>\n<p><img loading=\"lazy\" decoding=\"async\" class=\" wp-image-656 alignleft\" src=\"https:\/\/virtualskills.unidu.hr\/wp-content\/uploads\/2022\/12\/image009.png\" alt=\"\" width=\"88\" height=\"26\" \/>Za detaljnije upute pogledajte i na\u0161 priru\u010dnik za instruktore dostupan je OVDJE.[\/vc_column_text]    <\/div>\n<\/div><h5 class=\"clearfix qode-title-holder\">\n<span class=\"qode-tab-title\">\n\t\t\t<span class=\"qode-tab-title-icon\">\n\t\t\t<span aria-hidden=\"true\" class=\"qode_icon_font_elegant arrow_left-right \" ><\/span>\t\t<\/span>\n\t    <span class=\"qode-tab-title-inner\">\n        Tehnike retrospekcije    <\/span>\n<\/span>\n<span class=\"qode-accordion-mark\">\n    <span class=\"qode-accordion-mark-icon\">\n        <span class=\"icon_plus\"><\/span>\n        <span class=\"icon_minus-06\"><\/span>\n    <\/span>\n<\/span>\n<\/h5>\n<div  class=\"qode-accordion-content qode-acc-title-with-icon\" >\n    <div class=\"qode-accordion-content-inner\">\n        [vc_empty_space height=&#8221;23px&#8221;][vc_column_text]<strong><img loading=\"lazy\" decoding=\"async\" class=\" wp-image-679 alignleft\" src=\"https:\/\/virtualskills.unidu.hr\/wp-content\/uploads\/2022\/12\/image007-1.png\" alt=\"\" width=\"101\" height=\"101\" \/>Preporu\u010deno trajanje ovog dijela:<\/strong> do 60 minuta<\/p>\n<p>&nbsp;<\/p>\n<p>&nbsp;<\/p>\n<p>&nbsp;<\/p>\n<p>&nbsp;<\/p>\n<p><strong><img loading=\"lazy\" decoding=\"async\" class=\" wp-image-666 alignleft\" src=\"https:\/\/virtualskills.unidu.hr\/wp-content\/uploads\/2022\/12\/image011-1.png\" alt=\"\" width=\"98\" height=\"98\" \/>Zadatak prije nastave:<\/strong> Za ovu petlju studenti moraju pripremiti zadatak prije nastave. Pogledajte okvir s alatima za zadatke OVDJE<\/p>\n<p>&nbsp;<\/p>\n<p>&nbsp;<\/p>\n<p>&nbsp;<\/p>\n<p><strong><img loading=\"lazy\" decoding=\"async\" class=\" wp-image-658 alignleft\" src=\"https:\/\/virtualskills.unidu.hr\/wp-content\/uploads\/2022\/12\/image013.png\" alt=\"\" width=\"100\" height=\"100\" \/><\/strong><\/p>\n<p><strong>Uvod (maks. 30\u2019)<\/strong><\/p>\n<p>(10&#8242;) U po\u010detku bi trebalo postaviti scenu i dati kratak pregled pregledavaju\u0107i petlje 1 do 3 iz perspektive predava\u010da<\/p>\n<p>Kori\u0161tene metode i alati (3&#8242;)<\/p>\n<ul>\n<li>Rekapitulacija cijelog koncepta te\u010daja (maks. 7&#8242;)<\/li>\n<\/ul>\n<p>(15&#8242;) Zatim dajte osnovu za optere\u0107enje u\u010denika i zada\u0107e,<\/p>\n<p>kao i adresu i zahvalu<\/p>\n<ul>\n<li>Dnevnici u\u010denja<\/li>\n<li>Grupno razmi\u0161ljanje (kratko)<\/li>\n<li>Rezultati, pohvale i dodjela PechaKucha zadatka<\/li>\n<\/ul>\n<p>&nbsp;<\/p>\n<p><strong><img loading=\"lazy\" decoding=\"async\" class=\"size-full wp-image-671 alignleft\" src=\"https:\/\/virtualskills.unidu.hr\/wp-content\/uploads\/2022\/12\/image024-1.png\" alt=\"\" width=\"102\" height=\"102\" \/><\/strong><\/p>\n<p><strong>Ulazni odjeljak: Tehnike retrospekcije (25\u2019)<\/strong><\/p>\n<p><strong>Uputa<\/strong><\/p>\n<p>(10\u2019) Uz predava\u010da kao instruktora, razred \u0107e nau\u010diti temelje spremne za kori\u0161tenje retrospektivnih tehnika koje se mogu isprobati unutar timova. Pogledajte slajdove te\u010daja za daljnje nastavne bilje\u0161ke o predmetu.<\/p>\n<ul>\n<li>Uvodni video (YT)<\/li>\n<li>Instruktivna retrospektivna tehnika \u201cjedrilica\u201d<\/li>\n<\/ul>\n<p><strong>Primjena<\/strong><\/p>\n<p>(15\u2019) Omogu\u0107ite\/zamolite u\u010denike da podijele vlastita iskustva (i dopustite im da daju osvrt i povratne informacije o PechaKucha zadatku u izdvojenim grupama).<\/p>\n<p>&nbsp;<\/p>\n<p><img loading=\"lazy\" decoding=\"async\" class=\" wp-image-673 alignleft\" src=\"https:\/\/virtualskills.unidu.hr\/wp-content\/uploads\/2022\/12\/image029-1.png\" alt=\"\" width=\"100\" height=\"113\" \/><\/p>\n<p><strong>Pauza 1: Pa, to je bilo dosta posla za sada, uzmimo pauzu <\/strong><\/p>\n<p><strong>od 10 minuta i malo se osvje\u017eimo.<br \/>\n<\/strong><\/p>\n<p>&nbsp;<\/p>\n<p>&nbsp;<\/p>\n<p>&nbsp;<\/p>\n<p>&nbsp;<\/p>\n<p><strong><img loading=\"lazy\" decoding=\"async\" class=\" wp-image-670 alignleft\" src=\"https:\/\/virtualskills.unidu.hr\/wp-content\/uploads\/2022\/12\/image020-1.png\" alt=\"\" width=\"97\" height=\"68\" \/><\/strong><\/p>\n<p><strong>Nakon pauze (5\u2019): <\/strong>Upotrijebite neku energiziraju\u0107u\/aktivnu metodu da ponovno okupite razred (tj. natjerajte ih da se kre\u0107u, pitajte, &#8220;moja stvar&#8221;, &#8220;dodirni ne\u0161to plavo&#8221; i sl.)[\/vc_column_text][vc_column_text][\/vc_column_text][vc_empty_space height=&#8221;30px&#8221;]    <\/div>\n<\/div><h5 class=\"clearfix qode-title-holder\">\n<span class=\"qode-tab-title\">\n\t\t\t<span class=\"qode-tab-title-icon\">\n\t\t\t<span aria-hidden=\"true\" class=\"qode_icon_font_elegant arrow_left-right \" ><\/span>\t\t<\/span>\n\t    <span class=\"qode-tab-title-inner\">\n        Napravite kontrolni popis (za budu\u0107e virtualne suradnike)    <\/span>\n<\/span>\n<span class=\"qode-accordion-mark\">\n    <span class=\"qode-accordion-mark-icon\">\n        <span class=\"icon_plus\"><\/span>\n        <span class=\"icon_minus-06\"><\/span>\n    <\/span>\n<\/span>\n<\/h5>\n<div  class=\"qode-accordion-content qode-acc-title-with-icon\" >\n    <div class=\"qode-accordion-content-inner\">\n        [vc_empty_space height=&#8221;23px&#8221;][vc_column_text]<strong><img loading=\"lazy\" decoding=\"async\" class=\" wp-image-679 alignleft\" src=\"https:\/\/virtualskills.unidu.hr\/wp-content\/uploads\/2022\/12\/image007-1.png\" alt=\"\" width=\"99\" height=\"99\" \/><\/strong><strong>Preporu\u010deno trajanje dijela: <\/strong>do 1,5 sat<\/p>\n<p>&nbsp;<\/p>\n<p>&nbsp;<\/p>\n<p>&nbsp;<\/p>\n<p>&nbsp;<\/p>\n<p><strong><img loading=\"lazy\" decoding=\"async\" class=\" wp-image-658 alignleft\" src=\"https:\/\/virtualskills.unidu.hr\/wp-content\/uploads\/2022\/12\/image013.png\" alt=\"\" width=\"99\" height=\"99\" \/>Pregled dnevnog reda (3 min):<\/strong><\/p>\n<p>&nbsp;<\/p>\n<p>&nbsp;<\/p>\n<p>&nbsp;<\/p>\n<p>&nbsp;<\/p>\n<p>&nbsp;<\/p>\n<p><strong><img loading=\"lazy\" decoding=\"async\" class=\" wp-image-663 alignleft\" src=\"https:\/\/virtualskills.unidu.hr\/wp-content\/uploads\/2022\/12\/image025.png\" alt=\"\" width=\"101\" height=\"104\" \/><\/strong><\/p>\n<p>A: Grupni zadatak (20-25\u2019)<\/p>\n<p>Zadatak je sura\u0111ivati u grupama (breakout group) kako bi se napravila lista za provjeru i savjetovali (budu\u0107e) virtualne suradnike. Upotreba retrospektivne tehnike (1)<\/p>\n<p>Zadatak: Uklju\u010dite se, razgovarajte, pristanite i promislite. Dogovorite se o tri teme\/savjeta. Zapitajte se: \u201c\u0160to \u0107ete\/mo\u017eete primijeniti u praksi i kako?\u201d Studenti bi trebali biti \u0161to precizniji i primijeniti to u svom poslovnom kontekstu: \u201cSusi \u017eeli primijeniti PechaKuchu u praksi (\u2026) kako, kome, za\u0161to, kada, gdje?<\/p>\n<p>B: Dijalog u razredu (10&#8242;-15&#8242;) Kratki sa\u017eetak i rasprava o zadatku (1) u obliku dijaloga u razredu: Predstavite 1 primjer iz svake izdvojene grupe (\u201enajbolja praksa\u201d) onoga \u0161to \u0107e se primijeniti u bliskoj budu\u0107nosti, moderirano od strane voditelja .<\/p>\n<p>&nbsp;<\/p>\n<p>&nbsp;<\/p>\n<p><strong><img loading=\"lazy\" decoding=\"async\" class=\" wp-image-675 alignleft\" src=\"https:\/\/virtualskills.unidu.hr\/wp-content\/uploads\/2022\/12\/image033-1.png\" alt=\"\" width=\"101\" height=\"101\" \/><\/strong><\/p>\n<p><strong>Moderatorov sa\u017eetak prijenosa 1 (3 min.):<\/strong><\/p>\n<p>Voditelj daje kratak sa\u017eetak i cijeni doprinos<\/p>\n<p>&nbsp;<\/p>\n<p>&nbsp;<\/p>\n<p>&nbsp;<\/p>\n<p><img loading=\"lazy\" decoding=\"async\" class=\" wp-image-664 alignleft\" src=\"https:\/\/virtualskills.unidu.hr\/wp-content\/uploads\/2022\/12\/image029.png\" alt=\"\" width=\"99\" height=\"112\" \/>(Pauza: pripremite se za kratku pauzu \/ osvje\u017eenje (+10 min))<\/p>\n<p>&nbsp;<\/p>\n<p>&nbsp;<\/p>\n<p>&nbsp;<\/p>\n<p>&nbsp;<\/p>\n<p><strong>Prijenos 2 (20-25\u2019) Retrospektiva iz perspektive trenera<\/strong><\/p>\n<p>&nbsp;<\/p>\n<p><strong><img loading=\"lazy\" decoding=\"async\" class=\" wp-image-663 alignleft\" src=\"https:\/\/virtualskills.unidu.hr\/wp-content\/uploads\/2022\/12\/image025.png\" alt=\"\" width=\"101\" height=\"104\" \/><\/strong><\/p>\n<p><strong>Primjena<\/strong><\/p>\n<p>Ovaj prijenos je dvostruk:<\/p>\n<p>2a: Anketa za chat: Koje sadr\u017eaje zadr\u017eati\/izostaviti? (koristite<\/p>\n<p>Mentimeter.com)<\/p>\n<p>2b: Grupni zadatak, ponovno organiziran u izdvojene grupe:<\/p>\n<p>Zajedni\u010dko stvaranje na prora\u010dunskoj tablici (google dokumenti).<\/p>\n<p>Upotreba retrospektivne tehnike (2)<\/p>\n<p>&#8211; Petlja 1-3<\/p>\n<p>&#8211; Zadaci<\/p>\n<p>Glavno pitanje kojim se treba pozabaviti:<\/p>\n<p>\u0160to\/kako biste napravili druga\u010dije na vi\u0161oj razini te\u010daja?<\/p>\n<ul>\n<li>Sadr\u017eaj<\/li>\n<li>Alati \/ metode<\/li>\n<li>Vo\u0111enje<\/li>\n<\/ul>\n<p><strong>\u2022 \u2026<\/strong><\/p>\n<p>&nbsp;<\/p>\n<p><strong><img loading=\"lazy\" decoding=\"async\" class=\"wp-image-675 alignleft\" src=\"https:\/\/virtualskills.unidu.hr\/wp-content\/uploads\/2022\/12\/image033-1.png\" alt=\"\" width=\"99\" height=\"99\" \/><\/strong><\/p>\n<p><strong>Moderatorov sa\u017eetak prijenosa 2 (4\u2019):<\/strong><\/p>\n<p>Refleksija, kratka povratna informacija, uva\u017eavanje rezultata, truda i vremena.<\/p>\n<p>Voditelj daje kratak sa\u017eetak i cijeni doprinos. Va\u0161i dodaci \/ nalazi podlo\u017eni su daljnjem razvoju ovog te\u010daja (na\u0161a misija: cjelo\u017eivotno u\u010denje)<\/p>\n<p>&nbsp;<\/p>\n<p>Prijelaz na korak 4 (1\u2019)[\/vc_column_text][vc_column_text][\/vc_column_text][vc_column_text][\/vc_column_text][vc_empty_space height=&#8221;23px&#8221;][vc_column_text][\/vc_column_text][vc_column_text][\/vc_column_text]    <\/div>\n<\/div><h5 class=\"clearfix qode-title-holder\">\n<span class=\"qode-tab-title\">\n\t\t\t<span class=\"qode-tab-title-icon\">\n\t\t\t<span aria-hidden=\"true\" class=\"qode_icon_font_elegant arrow_left-right \" ><\/span>\t\t<\/span>\n\t    <span class=\"qode-tab-title-inner\">\n        Slijetanje i zavr\u0161etak te\u010daja    <\/span>\n<\/span>\n<span class=\"qode-accordion-mark\">\n    <span class=\"qode-accordion-mark-icon\">\n        <span class=\"icon_plus\"><\/span>\n        <span class=\"icon_minus-06\"><\/span>\n    <\/span>\n<\/span>\n<\/h5>\n<div  class=\"qode-accordion-content qode-acc-title-with-icon\" >\n    <div class=\"qode-accordion-content-inner\">\n        [vc_empty_space height=&#8221;23px&#8221;][vc_column_text]<strong><img loading=\"lazy\" decoding=\"async\" class=\" wp-image-679 alignleft\" src=\"https:\/\/virtualskills.unidu.hr\/wp-content\/uploads\/2022\/12\/image007-1.png\" alt=\"\" width=\"100\" height=\"100\" \/><\/strong><strong>Preporu\u010deno trajanje dijela: <\/strong>do 20 minuta<\/p>\n<p>&nbsp;<\/p>\n<p>&nbsp;<\/p>\n<p>&nbsp;<\/p>\n<p>&nbsp;<\/p>\n<p><strong><img loading=\"lazy\" decoding=\"async\" class=\" wp-image-675 alignleft\" src=\"https:\/\/virtualskills.unidu.hr\/wp-content\/uploads\/2022\/12\/image033-1.png\" alt=\"\" width=\"101\" height=\"101\" \/><\/strong><\/p>\n<p><strong>Privo\u0111enje kraju te\u010daja: (5 min.)<\/strong><\/p>\n<p>Brza anketa: 1 skala &#8211; 4 pitanja<\/p>\n<p>Nakon razmi\u0161ljanja o perspektivi studenata i predava\u010da, ulazimo u<\/p>\n<p>zavr\u0161ni krug i svodimo ga na 4 kratka pitanja koja iznosi problem za olak\u0161avanje:<\/p>\n<p>Na ljestvici &#8220;uop\u0107e se ne sla\u017eem &#8211; u potpunosti se sla\u017eem&#8221;<\/p>\n<ul>\n<li>Opet bih poha\u0111ao ovaj sat<\/li>\n<li>Idem na dodatni te\u010daj<\/li>\n<li>Preporu\u010dujem ovaj te\u010daj prijatelju<\/li>\n<li>Platio bih te\u010daj<\/li>\n<\/ul>\n<p><strong>Moderator ne komentira rezultate, ali dolazi s kona\u010dnim unosom.<\/strong><\/p>\n<p>&nbsp;<\/p>\n<p><strong><img loading=\"lazy\" decoding=\"async\" class=\"size-full wp-image-738 alignleft\" src=\"https:\/\/virtualskills.unidu.hr\/wp-content\/uploads\/2022\/12\/image020-2.png\" alt=\"\" width=\"102\" height=\"103\" \/><\/strong><\/p>\n<p><strong>Zavr\u0161ni govor i (virtualna) dodjela diploma (10\u2019)<\/strong><\/p>\n<p>To je to! Moderator nagla\u0161ava zna\u010daj vremena,<\/p>\n<p>predanosti, energije, kreativnosti za budu\u0107i uspjeh.<\/p>\n<p>Dodjeljuje se diploma virtualnog te\u010daja.<\/p>\n<p>Svi su pozvani da jo\u0161 jednom govore glasno.<\/p>\n<p>Vrijeme je za rastanak i \u017eelimo vam uspjeh u budu\u0107im karijerama.<\/p>\n<p><strong>\u0160to se ti\u010de virtualnog interkulturalnog timskog rada, svi ste dobro pripremljeni!<\/strong>[\/vc_column_text][vc_column_text][\/vc_column_text][vc_empty_space height=&#8221;23px&#8221;][vc_column_text][\/vc_column_text]    <\/div>\n<\/div><h5 class=\"clearfix qode-title-holder\">\n<span class=\"qode-tab-title\">\n\t\t\t<span class=\"qode-tab-title-icon\">\n\t\t\t<span aria-hidden=\"true\" class=\"qode_icon_font_elegant arrow_left-right \" ><\/span>\t\t<\/span>\n\t    <span class=\"qode-tab-title-inner\">\n        Dodatni resursi    <\/span>\n<\/span>\n<span class=\"qode-accordion-mark\">\n    <span class=\"qode-accordion-mark-icon\">\n        <span class=\"icon_plus\"><\/span>\n        <span class=\"icon_minus-06\"><\/span>\n    <\/span>\n<\/span>\n<\/h5>\n<div  class=\"qode-accordion-content qode-acc-title-with-icon\" >\n    <div class=\"qode-accordion-content-inner\">\n        [vc_empty_space height=&#8221;23px&#8221;][vc_column_text]<strong>Retrospektivne tehnike za zajedni\u010dki razvoj <\/strong><\/p>\n<p>Retrospektive su moderirani sastanci u projektu na kojima tim promi\u0161lja suradnju izvan svakodnevnih radnih rutina i razra\u0111uje mogu\u0107e pristupe za pobolj\u0161anje. Redovite retrospektive sastavni su dio agilnih projekata i tako\u0111er dovode do optimizacije timskih procesa u tradicionalno planiranim projektima.<\/p>\n<ul>\n<li>https:\/\/miro.com\/guides\/retrospectives\/ideas-games<\/li>\n<li>bit.ly\/3uCvf99<\/li>\n<li>https:\/\/www.youtube.com\/watch?v=QHLC0mBAEUw<\/li>\n<li>(&#8230;)<\/li>\n<\/ul>\n<ul>\n<li>Icebreakers, Energizers, Warm-ups i Closers \u2022<\/li>\n<li>Icebreakers su kratke aktivnosti na po\u010detku te\u010daja ili nastave koje uvode, stvaraju \u017eeljenu klimu za u\u010denje, prikupljaju informacije o studentima i njihovom prethodnom znanju ili iskomuniciraju razredne norme.<\/li>\n<li>Energizeri su kratke aktivnosti usred lekcije ili sata koje ponovno usmjeravaju pozornost u\u010denika, poti\u010du kognitivnu aktivnost ili vra\u0107aju zamah.<\/li>\n<\/ul>\n<p>Zaklju\u010dci su kratke aktivnosti na kraju sata ili lekcije koje prikupljaju povratne informacije o lekciji, provjeravaju razumijevanje, sa\u017eimaju koncepte, uvode probleme kriti\u010dkog razmi\u0161ljanja ili premo\u0161\u0107uju budu\u0107e lekcije. (izvor: bit.ly\/3hgkdTP)<\/p>\n<p><strong>Predlo\u0161ci (povratne informacije studenata, predlo\u017eak diplome itd.)<\/strong><\/p>\n<ul>\n<li>Ankete \/ Mentimeter.com: <a href=\"https:\/\/www.menti.com\/alpqktc4p8nx\">https:\/\/www.menti.com\/alpqktc4p8nx<\/a><\/li>\n<li>Whiteboard: <a href=\"https:\/\/app.mural.co\/t\/vibes8894\/m\/vibes8894\/1669185699017\/a12f1232775a292b0bf12f9004556a370f3f7c2d?sender=michaelforster0434\">https:\/\/app.mural.co\/t\/vibes8894\/m\/vibes8894\/1669185699017\/a12f1232775a292b0bf12f9004556a370f3f7c2d?sender=michaelforster0434<\/a><\/li>\n<li>Google Docs: <a href=\"https:\/\/docs.google.com\/spreadsheets\/d\/1dW1rLGOuHiBHQGf6Vbi5usqFw1LjAhM7otNV_kZBsR0\/edit?usp=share_link\">https:\/\/docs.google.com\/spreadsheets\/d\/1dW1rLGOuHiBHQGf6Vbi5usqFw1LjAhM7otNV_kZBsR0\/edit?usp=share_link<\/a><\/li>\n<li>Diploma<\/li>\n<\/ul>\n<p>[\/vc_column_text][vc_column_text][\/vc_column_text][vc_empty_space height=&#8221;23px&#8221;][vc_column_text][\/vc_column_text]    <\/div>\n<\/div><\/div>[\/vc_column][\/vc_row]<\/p>\n<\/div>","protected":false},"excerpt":{"rendered":"<p>[vc_row css_animation=&#8221;&#8221; row_type=&#8221;row&#8221; use_row_as_full_screen_section=&#8221;yes&#8221; type=&#8221;full_width&#8221; angled_section=&#8221;no&#8221; text_align=&#8221;left&#8221; background_image_as_pattern=&#8221;without_pattern&#8221; z_index=&#8221;&#8221; background_image=&#8221;366&#8243;][vc_column][vc_column_text] Dobrodo\u0161li u Petlju 4 [\/vc_column_text][\/vc_column][\/vc_row][vc_row css_animation=&#8221;&#8221; row_type=&#8221;row&#8221; use_row_as_full_screen_section=&#8221;no&#8221; type=&#8221;full_width&#8221; angled_section=&#8221;no&#8221; text_align=&#8221;left&#8221; background_image_as_pattern=&#8221;without_pattern&#8221;][vc_column][\/vc_column][\/vc_row]<\/p>\n","protected":false},"author":1,"featured_media":0,"parent":0,"menu_order":0,"comment_status":"closed","ping_status":"closed","template":"","meta":{"footnotes":""},"class_list":["post-1128","page","type-page","status-publish","hentry"],"_links":{"self":[{"href":"https:\/\/virtualskills.unidu.hr\/hr\/wp-json\/wp\/v2\/pages\/1128","targetHints":{"allow":["GET"]}}],"collection":[{"href":"https:\/\/virtualskills.unidu.hr\/hr\/wp-json\/wp\/v2\/pages"}],"about":[{"href":"https:\/\/virtualskills.unidu.hr\/hr\/wp-json\/wp\/v2\/types\/page"}],"author":[{"embeddable":true,"href":"https:\/\/virtualskills.unidu.hr\/hr\/wp-json\/wp\/v2\/users\/1"}],"replies":[{"embeddable":true,"href":"https:\/\/virtualskills.unidu.hr\/hr\/wp-json\/wp\/v2\/comments?post=1128"}],"version-history":[{"count":7,"href":"https:\/\/virtualskills.unidu.hr\/hr\/wp-json\/wp\/v2\/pages\/1128\/revisions"}],"predecessor-version":[{"id":1147,"href":"https:\/\/virtualskills.unidu.hr\/hr\/wp-json\/wp\/v2\/pages\/1128\/revisions\/1147"}],"wp:attachment":[{"href":"https:\/\/virtualskills.unidu.hr\/hr\/wp-json\/wp\/v2\/media?parent=1128"}],"curies":[{"name":"wp","href":"https:\/\/api.w.org\/{rel}","templated":true}]}}